{"id":120526,"date":"2018-02-07T13:34:49","date_gmt":"2018-02-07T13:34:49","guid":{"rendered":"https:\/\/ett-global.com\/?page_id=120526"},"modified":"2023-12-07T12:33:30","modified_gmt":"2023-12-07T12:33:30","slug":"sobre-ett","status":"publish","type":"page","link":"https:\/\/ett-global.com\/es\/sobre-ett\/","title":{"rendered":"Sobre ETT"},"content":{"rendered":"<p>[et_pb_section fb_built=\u00bb1&#8243; _builder_version=\u00bb3.22&#8243; background_color=\u00bbrgba(244,244,244,0.98)\u00bb background_image=\u00bbhttps:\/\/ett-global.com\/wp-content\/uploads\/2017\/11\/coding_bg_2.jpg\u00bb background_blend=\u00bboverlay\u00bb custom_margin=\u00bb0px|||\u00bb custom_padding=\u00bb54px||6px|\u00bb][et_pb_row make_equal=\u00bbon\u00bb _builder_version=\u00bb3.25&#8243; custom_padding=\u00bb27px|0px|9px|0px|false|false\u00bb locked=\u00bboff\u00bb][et_pb_column type=\u00bb4_4&#8243; _builder_version=\u00bb3.25&#8243; custom_padding=\u00bb|||\u00bb custom_padding__hover=\u00bb|||\u00bb][et_pb_text _builder_version=\u00bb4.5.3&#8243; text_font=\u00bb|700||||on|||\u00bb text_text_color=\u00bb#538135&#8243; text_font_size=\u00bb28px\u00bb header_font=\u00bb|800||||on|||\u00bb header_text_align=\u00bbcenter\u00bb header_text_color=\u00bb#3f5320&#8243; text_orientation=\u00bbcenter\u00bb header_text_shadow_style=\u00bbpreset2&#8243;]<\/p>\n<p style=\"color: #3f5320 !important; text-align: center; text-shadow: 0.08em 0.08em 0.08em rgba(0,0,0,0.4); font-weight: 800;\">Con d\u00e9cadas de experiencia, nos apasiona introducir innovaci\u00f3n en el mercado de pagos transfronterizos en moneda fiduciaria y criptomonedas.<\/p>\n<p>[\/et_pb_text][et_pb_text _builder_version=\u00bb4.5.3&#8243; text_font=\u00bb|||||on|||\u00bb header_font=\u00bb|800||||on|||\u00bb header_text_align=\u00bbcenter\u00bb header_text_color=\u00bb#3f5320&#8243; text_orientation=\u00bbcenter\u00bb header_text_shadow_style=\u00bbpreset2&#8243;]<\/p>\n<h1 style=\"color: #538135; text-align: left;\"><strong>nuestra historia<\/strong><\/h1>\n<p>[\/et_pb_text][et_pb_text _builder_version=\u00bb4.5.3&#8243; text_font=\u00bb|||||on|||\u00bb text_orientation=\u00bbjustified\u00bb module_alignment=\u00bbleft\u00bb custom_padding=\u00bb||0px|||\u00bb min_height=\u00bb317.6px\u00bb]<\/p>\n<p>Fundada en 2006, el software ETT fue creado inicialmente para una cooperativa de cr\u00e9dito sueca que necesitaba un sistema para gestionar cuentas de miembros, manejar pagos internacionales y transacciones de cambio de divisas. M\u00e1s tarde ese a\u00f1o, el software se adapt\u00f3 para un peque\u00f1o banco en Chipre que deseaba lanzar un sistema en l\u00ednea para gestionar transacciones internacionales, cambio de divisas y conectarse a la red SWIFT.<\/p>\n<p>Desde entonces, el software ha evolucionado y crecido sustancialmente, convirti\u00e9ndose en un sistema bancario transaccional completo. Numerosos clientes de todo el mundo, incluyendo Sudam\u00e9rica, Europa, Estados Unidos y Asia, utilizan nuestro software. Esto significa que se ha desarrollado para cumplir con los requisitos de cumplimiento global, especialmente en la gesti\u00f3n de la transmisi\u00f3n internacional de dinero a trav\u00e9s de diferentes redes bancarias.<\/p>\n<p>El software se ha conectado a varios bancos corresponsales a trav\u00e9s de API en respuesta a los requisitos de nuestros clientes, incluyendo IBAN din\u00e1micos, gesti\u00f3n de divisas y pagos internacionales. Con el surgimiento de las criptomonedas en 2009, se conect\u00f3 a varias bolsas de Bitcoin. Tambi\u00e9n se desarroll\u00f3 para integrarse con todo tipo de programas de tarjetas de d\u00e9bito. En 2021, se conect\u00f3 directamente a la <em>Blockchain<\/em> de Bitcoin por primera vez, brindando a los clientes una enorme flexibilidad para operar en criptomonedas y monedas fiduciarias. M\u00e1s tarde ese a\u00f1o, tambi\u00e9n nos conectamos a la <em>Blockchain<\/em> de Ethereum para brindar acceso a ether, todos los tokens ERC y contratos inteligentes.<\/p>\n<p>&nbsp;<\/p>\n<p>[\/et_pb_text][\/et_pb_column][\/et_pb_row][\/et_pb_section][et_pb_section fb_built=\u00bb1&#8243; _builder_version=\u00bb4.5.3&#8243; custom_padding=\u00bb0|0px|54px|0px|false|false\u00bb locked=\u00bboff\u00bb][et_pb_row _builder_version=\u00bb3.25&#8243; custom_padding=\u00bb2px|||||\u00bb][et_pb_column type=\u00bb4_4&#8243; _builder_version=\u00bb3.25&#8243; custom_padding=\u00bb|||\u00bb custom_padding__hover=\u00bb|||\u00bb][et_pb_text _builder_version=\u00bb4.5.3&#8243; text_font=\u00bb|||||on|||\u00bb header_font=\u00bb|800||||on|||\u00bb header_text_align=\u00bbcenter\u00bb header_text_color=\u00bb#3f5320&#8243; text_orientation=\u00bbcenter\u00bb header_text_shadow_style=\u00bbpreset2&#8243; custom_margin=\u00bb||23px|||\u00bb custom_padding=\u00bb0px|||||\u00bb]<\/p>\n<h1 style=\"text-align: left;\">Nuestro equipo<\/h1>\n<p>[\/et_pb_text][et_pb_text _builder_version=\u00bb4.5.3&#8243; text_font=\u00bb|||||on|||\u00bb]<\/p>\n<p>Somos un equipo de personas motivadas con una fuerte \u00e9tica de trabajo. Todos somos internacionales por naturaleza y estamos acostumbrados a trabajar en un entorno internacional que abarca diferentes culturas. Hemos estado trabajando juntos durante m\u00e1s de 17 a\u00f1os, lo que nos ha ayudado a construir confianza y seguridad mutua.<\/p>\n<p>[\/et_pb_text][\/et_pb_column][\/et_pb_row][et_pb_row column_structure=\u00bb1_4,1_4,1_4,1_4&#8243; _builder_version=\u00bb4.5.3&#8243; _module_preset=\u00bbdefault\u00bb custom_margin=\u00bb||||false|false\u00bb custom_padding=\u00bb13px||||false|false\u00bb locked=\u00bboff\u00bb][et_pb_column type=\u00bb1_4&#8243; _builder_version=\u00bb4.5.3&#8243; _module_preset=\u00bbdefault\u00bb custom_padding=\u00bb||||false|false\u00bb][et_pb_team_member name=\u00bbEnrique Terol Navarro\u00bb position=\u00bbDirector General \u00bb image_url=\u00bbhttps:\/\/ett-global.com\/wp-content\/uploads\/2023\/04\/Henri-photo-scaled-e1681224873861.jpg?_t=1699246630&#8243; _builder_version=\u00bb4.5.3&#8243; _module_preset=\u00bbdefault\u00bb body_font_size=\u00bb14px\u00bb background_color=\u00bb#ffffff\u00bb width=\u00bb320px\u00bb height=\u00bb680px\u00bb custom_margin=\u00bb||||false|false\u00bb custom_padding=\u00bb10px|10px|10px|10px|false|false\u00bb hover_enabled=\u00bb0&#8243; border_radii=\u00bbon|20px|20px|20px|20px\u00bb border_radii_image=\u00bbon|20px|20px|20px|20px\u00bb box_shadow_style=\u00bbpreset1&#8243;]<\/p>\n<p><span><em>Sede Espa\u00f1ola<\/em><\/span><\/p>\n<p>Responsable de pol\u00edticas senior con experiencia en banca y negocios internacionales. Muy adecuado para tomar decisiones dif\u00edciles bajo presi\u00f3n. Habla franc\u00e9s y espa\u00f1ol.<\/p>\n<p>[\/et_pb_team_member][\/et_pb_column][et_pb_column type=\u00bb1_4&#8243; _builder_version=\u00bb4.5.3&#8243; _module_preset=\u00bbdefault\u00bb][et_pb_team_member name=\u00bbSander Kruger\u00bb position=\u00bbArquitecto de software\u00bb image_url=\u00bbhttps:\/\/ett-global.com\/wp-content\/uploads\/2023\/11\/Sander.jpg?_t=1699273146&#8243; _builder_version=\u00bb4.5.3&#8243; _module_preset=\u00bbdefault\u00bb body_font_size=\u00bb14px\u00bb width=\u00bb320px\u00bb height=\u00bb680px\u00bb custom_margin=\u00bb|60px||60px|false|false\u00bb custom_padding=\u00bb10px|10px|10px|10px|false|false\u00bb hover_enabled=\u00bb0&#8243; border_radii=\u00bbon|20px|20px|20px|20px\u00bb border_radii_image=\u00bbon|20px|20px|20px|20px\u00bb box_shadow_style=\u00bbpreset1&#8243;]<\/p>\n<p><span><em>Con sede en \u00c1msterdam<\/em><\/span><\/p>\n<p>Gestiona nuevos desarrollos e integraciones. Su car\u00e1cter innovador y su s\u00f3lido conocimiento del sector bancario lo convierten en un activo valioso para nuestra empresa. Habla ingl\u00e9s, franc\u00e9s, holand\u00e9s y alem\u00e1n.<\/p>\n<p>[\/et_pb_team_member][\/et_pb_column][et_pb_column type=\u00bb1_4&#8243; _builder_version=\u00bb4.5.3&#8243; _module_preset=\u00bbdefault\u00bb][et_pb_team_member name=\u00bbAzhar Ramdianee\u00bb position=\u00bbJefe del equipo t\u00e9cnico\u00bb image_url=\u00bbhttps:\/\/ett-global.com\/wp-content\/uploads\/2023\/11\/Azhar.jpg?_t=1699269511&#8243; _builder_version=\u00bb4.5.3&#8243; _module_preset=\u00bbdefault\u00bb body_font_size=\u00bb14px\u00bb width=\u00bb320px\u00bb height=\u00bb680px\u00bb custom_margin=\u00bb|100px||100px|false|false\u00bb custom_padding=\u00bb10px|10px|10px|10px|false|false\u00bb hover_enabled=\u00bb0&#8243; border_radii=\u00bbon|20px|20px|20px|20px\u00bb border_radii_image=\u00bbon|20px|20px|20px|20px\u00bb box_shadow_style=\u00bbpreset1&#8243;]<\/p>\n<p><span><em>Con base en Mauricio<\/em><\/span><\/p>\n<p>Administra nuestro equipo de desarrolladores y se asegura de que trabajen en un entorno seguro. Cada desarrollador solo puede tener acceso a un fragmento de c\u00f3digo a la vez para garantizar la m\u00e1xima seguridad. Habla ingl\u00e9s, franc\u00e9s e hindi.<\/p>\n<p>[\/et_pb_team_member][\/et_pb_column][et_pb_column type=\u00bb1_4&#8243; _builder_version=\u00bb4.5.3&#8243; _module_preset=\u00bbdefault\u00bb][et_pb_team_member name=\u00bbHannah Loset\u00bb position=\u00bbJefa de Relaciones Estrat\u00e9gicas \u00bb image_url=\u00bbhttps:\/\/ett-global.com\/wp-content\/uploads\/2023\/11\/Hannah.jpg?_t=1699249040&#8243; _builder_version=\u00bb4.5.3&#8243; _module_preset=\u00bbdefault\u00bb body_font_size=\u00bb14px\u00bb width=\u00bb320px\u00bb height=\u00bb680px\u00bb custom_margin=\u00bb|||140px|false|false\u00bb custom_padding=\u00bb10px|10px|10px|10px|false|false\u00bb hover_enabled=\u00bb0&#8243; border_radii=\u00bbon|20px|20px|20px|20px\u00bb border_radii_image=\u00bbon|20px|20px|20px|20px\u00bb box_shadow_style=\u00bbpreset1&#8243;]<\/p>\n<p><span><em>Con sede en Gibraltar<\/em><\/span><\/p>\n<p>Hannah se une a nosotros como nuestra Jefa de Relaciones Estrat\u00e9gicas. Como l\u00edder senior de desarrollo de negocios, cuenta con 25 a\u00f1os de experiencia en servicios financieros y de negocios internacionales. Hannah es responsable de desarrollar y mantener nuestra cartera de relaciones estrat\u00e9gicas con el objetivo final de servir mejor a nuestros clientes. Habla ingl\u00e9s y franc\u00e9s.<\/p>\n<p>[\/et_pb_team_member][\/et_pb_column][\/et_pb_row][\/et_pb_section]<\/p>\n","protected":false},"excerpt":{"rendered":"<p>[et_pb_section fb_built=\u00bb1&#8243; _builder_version=\u00bb3.22&#8243; background_color=\u00bbrgba(244,244,244,0.98)\u00bb background_image=\u00bbhttps:\/\/ett-global.com\/wp-content\/uploads\/2017\/11\/coding_bg_2.jpg\u00bb background_blend=\u00bboverlay\u00bb custom_margin=\u00bb0px|||\u00bb custom_padding=\u00bb54px||6px|\u00bb][et_pb_row make_equal=\u00bbon\u00bb _builder_version=\u00bb3.25&#8243; custom_padding=\u00bb27px|0px|9px|0px|false|false\u00bb locked=\u00bboff\u00bb][et_pb_column type=\u00bb4_4&#8243; _builder_version=\u00bb3.25&#8243; custom_padding=\u00bb|||\u00bb custom_padding__hover=\u00bb|||\u00bb][et_pb_text _builder_version=\u00bb4.5.3&#8243; text_font=\u00bb|700||||on|||\u00bb text_text_color=\u00bb#538135&#8243; text_font_size=\u00bb28px\u00bb header_font=\u00bb|800||||on|||\u00bb header_text_align=\u00bbcenter\u00bb header_text_color=\u00bb#3f5320&#8243; text_orientation=\u00bbcenter\u00bb header_text_shadow_style=\u00bbpreset2&#8243;] Con d\u00e9cadas de experiencia, nos apasiona introducir innovaci\u00f3n en el mercado de pagos transfronterizos en moneda fiduciaria y criptomonedas. [\/et_pb_text][et_pb_text _builder_version=\u00bb4.5.3&#8243; text_font=\u00bb|||||on|||\u00bb header_font=\u00bb|800||||on|||\u00bb header_text_align=\u00bbcenter\u00bb header_text_color=\u00bb#3f5320&#8243; text_orientation=\u00bbcenter\u00bb header_text_shadow_style=\u00bbpreset2&#8243;] nuestra historia [\/et_pb_text][et_pb_text [&hellip;]<\/p>\n","protected":false},"author":1,"featured_media":0,"parent":0,"menu_order":0,"comment_status":"closed","ping_status":"closed","template":"","meta":{"_et_pb_use_builder":"on","_et_pb_old_content":"","_et_gb_content_width":"","footnotes":"","_locale":"es_ES","_original_post":"120454"},"yoast_head":"<!-- This site is optimized with the Yoast SEO plugin v23.5 - https:\/\/yoast.com\/wordpress\/plugins\/seo\/ -->\n<title>Sobre ETT - E-Transfer Technologies<\/title>\n<meta name=\"description\" content=\"Un sistema bancario transaccional, desarrollado para manejar los requisitos de cumplimiento global y la transmisi\u00f3n internacional de dinero.\" \/>\n<meta name=\"robots\" content=\"index, follow, max-snippet:-1, max-image-preview:large, max-video-preview:-1\" \/>\n<link rel=\"canonical\" href=\"https:\/\/ett-global.com\/es\/sobre-ett\/\" \/>\n<meta property=\"og:locale\" content=\"es_ES\" \/>\n<meta property=\"og:type\" content=\"article\" \/>\n<meta property=\"og:title\" content=\"Sobre ETT - E-Transfer Technologies\" \/>\n<meta property=\"og:description\" content=\"Un sistema bancario transaccional, desarrollado para manejar los requisitos de cumplimiento global y la transmisi\u00f3n internacional de dinero.\" \/>\n<meta property=\"og:url\" content=\"https:\/\/ett-global.com\/es\/sobre-ett\/\" \/>\n<meta property=\"og:site_name\" content=\"E-Transfer Technologies\" \/>\n<meta property=\"article:modified_time\" content=\"2023-12-07T12:33:30+00:00\" \/>\n<meta property=\"og:image\" content=\"https:\/\/ett-global.com\/wp-content\/uploads\/2021\/11\/ETT-Logo.png\" \/>\n\t<meta property=\"og:image:width\" content=\"3862\" \/>\n\t<meta property=\"og:image:height\" content=\"2168\" \/>\n\t<meta property=\"og:image:type\" content=\"image\/png\" \/>\n<meta name=\"twitter:card\" content=\"summary_large_image\" \/>\n<meta name=\"twitter:label1\" content=\"Tiempo de lectura\" \/>\n\t<meta name=\"twitter:data1\" content=\"6 minutos\" \/>\n<script type=\"application\/ld+json\" class=\"yoast-schema-graph\">{\"@context\":\"https:\/\/schema.org\",\"@graph\":[{\"@type\":\"WebPage\",\"@id\":\"https:\/\/ett-global.com\/es\/sobre-ett\/\",\"url\":\"https:\/\/ett-global.com\/es\/sobre-ett\/\",\"name\":\"Sobre ETT - E-Transfer Technologies\",\"isPartOf\":{\"@id\":\"https:\/\/ett-global.com\/#website\"},\"datePublished\":\"2018-02-07T13:34:49+00:00\",\"dateModified\":\"2023-12-07T12:33:30+00:00\",\"description\":\"Un sistema bancario transaccional, desarrollado para manejar los requisitos de cumplimiento global y la transmisi\u00f3n internacional de dinero.\",\"breadcrumb\":{\"@id\":\"https:\/\/ett-global.com\/es\/sobre-ett\/#breadcrumb\"},\"inLanguage\":\"es\",\"potentialAction\":[{\"@type\":\"ReadAction\",\"target\":[\"https:\/\/ett-global.com\/es\/sobre-ett\/\"]}]},{\"@type\":\"BreadcrumbList\",\"@id\":\"https:\/\/ett-global.com\/es\/sobre-ett\/#breadcrumb\",\"itemListElement\":[{\"@type\":\"ListItem\",\"position\":1,\"name\":\"Home\",\"item\":\"https:\/\/ett-global.com\/es\/\"},{\"@type\":\"ListItem\",\"position\":2,\"name\":\"Sobre ETT\"}]},{\"@type\":\"WebSite\",\"@id\":\"https:\/\/ett-global.com\/#website\",\"url\":\"https:\/\/ett-global.com\/\",\"name\":\"E-Transfer Technologies\",\"description\":\"Otro sitio realizado con WordPress\",\"publisher\":{\"@id\":\"https:\/\/ett-global.com\/#organization\"},\"alternateName\":\"ETT Global\",\"potentialAction\":[{\"@type\":\"SearchAction\",\"target\":{\"@type\":\"EntryPoint\",\"urlTemplate\":\"https:\/\/ett-global.com\/?s={search_term_string}\"},\"query-input\":{\"@type\":\"PropertyValueSpecification\",\"valueRequired\":true,\"valueName\":\"search_term_string\"}}],\"inLanguage\":\"es\"},{\"@type\":\"Organization\",\"@id\":\"https:\/\/ett-global.com\/#organization\",\"name\":\"E-Transfer Technologies\",\"alternateName\":\"ETT Global\",\"url\":\"https:\/\/ett-global.com\/\",\"logo\":{\"@type\":\"ImageObject\",\"inLanguage\":\"es\",\"@id\":\"https:\/\/ett-global.com\/#\/schema\/logo\/image\/\",\"url\":\"https:\/\/ett-global.com\/wp-content\/uploads\/2021\/11\/cropped-Icon.png\",\"contentUrl\":\"https:\/\/ett-global.com\/wp-content\/uploads\/2021\/11\/cropped-Icon.png\",\"width\":512,\"height\":512,\"caption\":\"E-Transfer Technologies\"},\"image\":{\"@id\":\"https:\/\/ett-global.com\/#\/schema\/logo\/image\/\"}}]}<\/script>\n<!-- \/ Yoast SEO plugin. -->","yoast_head_json":{"title":"Sobre ETT - E-Transfer Technologies","description":"Un sistema bancario transaccional, desarrollado para manejar los requisitos de cumplimiento global y la transmisi\u00f3n internacional de dinero.","robots":{"index":"index","follow":"follow","max-snippet":"max-snippet:-1","max-image-preview":"max-image-preview:large","max-video-preview":"max-video-preview:-1"},"canonical":"https:\/\/ett-global.com\/es\/sobre-ett\/","og_locale":"es_ES","og_type":"article","og_title":"Sobre ETT - E-Transfer Technologies","og_description":"Un sistema bancario transaccional, desarrollado para manejar los requisitos de cumplimiento global y la transmisi\u00f3n internacional de dinero.","og_url":"https:\/\/ett-global.com\/es\/sobre-ett\/","og_site_name":"E-Transfer Technologies","article_modified_time":"2023-12-07T12:33:30+00:00","og_image":[{"width":3862,"height":2168,"url":"https:\/\/ett-global.com\/wp-content\/uploads\/2021\/11\/ETT-Logo.png","type":"image\/png"}],"twitter_card":"summary_large_image","twitter_misc":{"Tiempo de lectura":"6 minutos"},"schema":{"@context":"https:\/\/schema.org","@graph":[{"@type":"WebPage","@id":"https:\/\/ett-global.com\/es\/sobre-ett\/","url":"https:\/\/ett-global.com\/es\/sobre-ett\/","name":"Sobre ETT - E-Transfer Technologies","isPartOf":{"@id":"https:\/\/ett-global.com\/#website"},"datePublished":"2018-02-07T13:34:49+00:00","dateModified":"2023-12-07T12:33:30+00:00","description":"Un sistema bancario transaccional, desarrollado para manejar los requisitos de cumplimiento global y la transmisi\u00f3n internacional de dinero.","breadcrumb":{"@id":"https:\/\/ett-global.com\/es\/sobre-ett\/#breadcrumb"},"inLanguage":"es","potentialAction":[{"@type":"ReadAction","target":["https:\/\/ett-global.com\/es\/sobre-ett\/"]}]},{"@type":"BreadcrumbList","@id":"https:\/\/ett-global.com\/es\/sobre-ett\/#breadcrumb","itemListElement":[{"@type":"ListItem","position":1,"name":"Home","item":"https:\/\/ett-global.com\/es\/"},{"@type":"ListItem","position":2,"name":"Sobre ETT"}]},{"@type":"WebSite","@id":"https:\/\/ett-global.com\/#website","url":"https:\/\/ett-global.com\/","name":"E-Transfer Technologies","description":"Otro sitio realizado con WordPress","publisher":{"@id":"https:\/\/ett-global.com\/#organization"},"alternateName":"ETT Global","potentialAction":[{"@type":"SearchAction","target":{"@type":"EntryPoint","urlTemplate":"https:\/\/ett-global.com\/?s={search_term_string}"},"query-input":{"@type":"PropertyValueSpecification","valueRequired":true,"valueName":"search_term_string"}}],"inLanguage":"es"},{"@type":"Organization","@id":"https:\/\/ett-global.com\/#organization","name":"E-Transfer Technologies","alternateName":"ETT Global","url":"https:\/\/ett-global.com\/","logo":{"@type":"ImageObject","inLanguage":"es","@id":"https:\/\/ett-global.com\/#\/schema\/logo\/image\/","url":"https:\/\/ett-global.com\/wp-content\/uploads\/2021\/11\/cropped-Icon.png","contentUrl":"https:\/\/ett-global.com\/wp-content\/uploads\/2021\/11\/cropped-Icon.png","width":512,"height":512,"caption":"E-Transfer Technologies"},"image":{"@id":"https:\/\/ett-global.com\/#\/schema\/logo\/image\/"}}]}},"_links":{"self":[{"href":"https:\/\/ett-global.com\/wp-json\/wp\/v2\/pages\/120526"}],"collection":[{"href":"https:\/\/ett-global.com\/wp-json\/wp\/v2\/pages"}],"about":[{"href":"https:\/\/ett-global.com\/wp-json\/wp\/v2\/types\/page"}],"author":[{"embeddable":true,"href":"https:\/\/ett-global.com\/wp-json\/wp\/v2\/users\/1"}],"replies":[{"embeddable":true,"href":"https:\/\/ett-global.com\/wp-json\/wp\/v2\/comments?post=120526"}],"version-history":[{"count":49,"href":"https:\/\/ett-global.com\/wp-json\/wp\/v2\/pages\/120526\/revisions"}],"predecessor-version":[{"id":123186,"href":"https:\/\/ett-global.com\/wp-json\/wp\/v2\/pages\/120526\/revisions\/123186"}],"wp:attachment":[{"href":"https:\/\/ett-global.com\/wp-json\/wp\/v2\/media?parent=120526"}],"curies":[{"name":"wp","href":"https:\/\/api.w.org\/{rel}","templated":true}]}}