{"id":120581,"date":"2018-02-07T15:36:37","date_gmt":"2018-02-07T15:36:37","guid":{"rendered":"https:\/\/ett-global.com\/?page_id=120581"},"modified":"2021-09-24T06:16:17","modified_gmt":"2021-09-24T06:16:17","slug":"politica-de-privacidad","status":"publish","type":"page","link":"https:\/\/ett-global.com\/es\/politica-de-privacidad\/","title":{"rendered":"Pol\u00edtica de Privacidad"},"content":{"rendered":"<p>[et_pb_section bb_built=\u00bb1&#8243;][et_pb_row][et_pb_column type=\u00bb4_4&#8243;][et_pb_text _builder_version=\u00bb3.19.4&#8243; text_orientation=\u00bbjustified\u00bb header_font=\u00bb|||||on|||\u00bb text_font=\u00bb|||||on|||\u00bb]<\/p>\n<h2 style=\"text-align: center;\">SITIO WEB: POL\u00cdTICA DE PRIVACIDAD.<\/h2>\n<p>\u00a0<\/p>\n<p><strong><u>POL\u00cdTICA DE PRIVACIDAD<\/u><\/strong><\/p>\n<p>Esta Pol\u00edtica de Privacidad describe c\u00f3mo <strong>E TRANSFER TECHNOLOGIES SPAIN, S.L.<\/strong> (en adelante, indistintamente, \u201cETTS\u201d) recoge, procesa y utiliza la informaci\u00f3n personal de sus clientes y usuarios, siempre ampar\u00e1ndonos en nuestro compromiso con la privacidad y la seguridad de la informaci\u00f3n de los datos, siendo recogidos exclusivamente para fines determinados, expl\u00edcitos y leg\u00edtimos, no pudiendo ser tratados de manera incompatible con dichos fines y en estricto cumplimiento de la normativa aplicable en materia de protecci\u00f3n de datos personales, en particular, el Reglamento General de Protecci\u00f3n de Datos (UE) 679\/2016 (en adelante, RGPD) y la Ley Org\u00e1nica 3\/2018 de Protecci\u00f3n de Datos Personales y Garant\u00eda de los Derechos Digitales (en adelante LOPDGDD).<\/p>\n<p>La Pol\u00edtica de Privacidad ser\u00e1 actualizada peri\u00f3dicamente con el objeto de clarificar o reflejar las nuevas pr\u00e1cticas en la gesti\u00f3n de la privacidad de nuestros usuarios o las modificaciones legislativas, jurisprudenciales o de interpretaci\u00f3n de la Agencia Espa\u00f1ola de Protecci\u00f3n de Datos u otras Autoridades de Control que puedan producirse y que hubieran de aplicarse y ser\u00e1 accesible en todo momento para su consulta desde el sitio web www.ett-spain.com.<\/p>\n<p><strong><u>Identificaci\u00f3n del responsable del tratamiento: <\/u><\/strong><\/p>\n<p>La entidad responsable del tratamiento de sus datos es:<\/p>\n<p><strong>E TRANSFER TECHNOLOGIES SPAIN, S.L.<\/strong>,<\/p>\n<p>B55223192<\/p>\n<p>C\/Nou, 65 1\u00ba6\u00aa (17600) Figueres<\/p>\n<p>933938189\u00a0 &#8211;\u00a0<\/p>\n<p>ht@ett-spain.com\u00a0 &#8211;\u00a0<\/p>\n<p><strong><u>Medios a trav\u00e9s de los cuales tratamos sus datos:<\/u><\/strong><\/p>\n<p>Tratamos datos personales en los siguientes supuestos:<\/p>\n<ul>\n<li>Visitas a nuestro sitio web;<\/li>\n<li>Uso de alguno de nuestros servicios de comunicaci\u00f3n electr\u00f3nica, nos remite un correo electr\u00f3nico, nos remite una consulta o sugerencia a trav\u00e9s de nuestros formularios de contacto.<\/li>\n<\/ul>\n<p><u>Con qu\u00e9 fines tratamos sus datos:<\/u><\/p>\n<p>Desde ETTS tratamos sus datos personales respetando los principios recogidos en la normativa aplicable y en particular el RGPD y la LOPDGDD. Los datos personales no se utilizar\u00e1n para finalidades diferentes de las expuestas a continuaci\u00f3n:<\/p>\n<p><strong><u>Datos de clientes:<\/u><\/strong><\/p>\n<p>Los datos de nuestros clientes ser\u00e1n tratados con la finalidad de prestar los servicios contratados, as\u00ed como para realizar la gesti\u00f3n de facturaci\u00f3n fiscal, contable y administrativa de la relaci\u00f3n contractual que legitima el tratamiento de los datos.<\/p>\n<p><strong><u>Datos de usuarios web:<\/u><\/strong><\/p>\n<p>Los datos de navegaci\u00f3n de usuarios del sitio web ser\u00e1n tratados \u00fanicamente con finalidades estad\u00edsticas y de an\u00e1lisis, de conformidad con lo dispuesto en nuestra pol\u00edtica de cookies as\u00ed como para facilitar informaci\u00f3n acerca de nuestra actividad empresarial y, en su caso, para atender a sus consultas y sugerencias.<\/p>\n<p><u>Datos recogidos a trav\u00e9s de los formularios de contacto:<\/u><\/p>\n<p>Tambi\u00e9n podremos tratar datos personales si los interesados nos remiten consultas, quejas o sugerencias a trav\u00e9s de los formularios de contacto habilitados a tales efectos en nuestro sitio web, con la \u00fanica finalidad de dar respuesta a la solicitud de las mismas. En ning\u00fan caso incorporaremos esos datos a otras bases de datos o enviaremos comunicaciones comerciales por v\u00eda electr\u00f3nica sin autorizaci\u00f3n previa por parte del titular de los datos.<\/p>\n<p>Los datos obligatorios de cada formulario ser\u00e1n identificados como tales. En caso de ausencia o incorrecci\u00f3n de los mismos, ETTS no podr\u00e1 identificarle correctamente y, en consecuencia, se proceder\u00e1 a la supresi\u00f3n del registro de la consulta.\u00a0<\/p>\n<p><strong><u>Datos de e-mails recibidos:<\/u><\/strong><\/p>\n<p>Tambi\u00e9n trataremos datos personales si los interesados remiten consultas, quejas o sugerencias por correo electr\u00f3nico a las direcciones facilitadas en el sitio web a tales efectos. En este caso, los datos ser\u00e1n tratados con la \u00fanica finalidad de dar respuesta a la solicitud de las mismas. En ning\u00fan caso incorporaremos esos datos a otras bases de datos o enviaremos comunicaciones comerciales por v\u00eda electr\u00f3nica sin autorizaci\u00f3n previa por parte del titular de los datos.<\/p>\n<p><u>A qui\u00e9n comunicamos sus datos:<\/u><\/p>\n<p>ETTS garantiza la confidencialidad de los datos de car\u00e1cter personal, no comunic\u00e1ndolos a terceros sin la previa autorizaci\u00f3n del titular de los mismos. No obstante, en virtud de las diferentes necesidades de ETTS, podremos comunicar sus datos a los siguientes destinatarios:<\/p>\n<p><em><u>Proveedores de servicios <\/u><\/em><\/p>\n<p>ETTS podr\u00e1 subcontratar diferentes servicios con proveedores externos que tendr\u00e1n acceso a datos de car\u00e1cter personal que pueden ser, a t\u00edtulo meramente enunciativo y sin car\u00e1cter limitativo: distribuidores, abogados y procuradores, auditores, consultores, entidades financieras, proveedores de servicios cloud o en la nube y sus servidores inform\u00e1ticos, y otros proveedores y profesionales, quienes tratar\u00e1n los datos personales como encargados del tratamiento en nombre y por cuenta de ETTS. En tal caso, los proveedores tendr\u00e1n suscritos acuerdos de tratamiento de datos de car\u00e1cter personal limitando su tratamiento a las finalidades del Servicio prestado y siempre bajo las medidas de seguridad que establece la normativa vigente.<\/p>\n<p><em><u>Administraci\u00f3n p\u00fablica y autoridades:<\/u><\/em><\/p>\n<p>Podremos revelar sus datos y cualquier otra informaci\u00f3n que est\u00e9 en nuestro poder o que sea accesible a trav\u00e9s de nuestros sistemas y sea requerida de conformidad con las disposiciones legales y reglamentarias aplicables al caso a la Administraci\u00f3n p\u00fablica con competencia en la materia, as\u00ed como a las autoridades p\u00fablicas competentes. Todo ello por habilitaci\u00f3n legal y con la \u00fanica finalidad de cumplir con nuestras obligaciones y prevenir abusos de los servicios o actividades fraudulentas en los servicios prestados a trav\u00e9s de nuestro sitio web.<\/p>\n<p><em><u>Otras empresas del grupo <\/u><\/em><\/p>\n<p>Siempre previa autorizaci\u00f3n del interesado, sus datos podr\u00e1n ser comunicados a otras<em><u> empresas del Grupo<\/u><\/em> para la remisi\u00f3n de informaci\u00f3n acerca de las actividades, servicios y soluciones empresariales procedentes por medios electr\u00f3nicos, telef\u00f3nicos y\/o postales (o indicar otras finalidades).<\/p>\n<p><u>Ejercicio de derechos:<\/u><\/p>\n<p>Si desea ejercitar sus derechos de acceso, rectificaci\u00f3n, supresi\u00f3n y oposici\u00f3n, as\u00ed como el derecho a la portabilidad y a la limitaci\u00f3n del tratamiento y, en su caso, revocar su consentimiento en aquellos casos en los que \u00e9sta sea la base jur\u00eddica de legitimaci\u00f3n, puede dirigirse por correo postal identific\u00e1ndose -acompa\u00f1ando fotocopia de su NIF o documento equivalente, y la descripci\u00f3n del derecho que desea ejercitar- a: C\/Nou, 65 1\u00ba6\u00aa (17600) Figueres; o bien por correo electr\u00f3nico, en las mismas condiciones, a: <u>ht@ett-spain.com<\/u><\/p>\n<p><u>Tutela de derechos ante la Autoridad de Control:<\/u><\/p>\n<p>En cualquier supuesto de vulneraci\u00f3n de sus derechos en materia de protecci\u00f3n de datos, puede dirigirse a la Agencia Espa\u00f1ola de Protecci\u00f3n de Datos (<a href=\"http:\/\/www.aepd.es\">www.aepd.es<\/a>).<\/p>\n<p><strong><u>Conservaci\u00f3n de los datos:<\/u><\/strong><\/p>\n<p>Los datos referidos a nuestros clientes se conservar\u00e1n por el tiempo necesario para atender a la finalidad para la cual hubieran sido recogidos y a las obligaciones legales derivadas de la misma. Los datos econ\u00f3micos se conservar\u00e1n al amparo de lo dispuesto en la Ley 58\/2003 General Tributaria.<\/p>\n<p>Los datos referentes a las consultas formuladas por los usuarios a trav\u00e9s de los formularios web, las recibidas por e-mail as\u00ed como los datos de curr\u00edculum vitae se conservar\u00e1n por un tiempo m\u00e1ximo de un a\u00f1o desde la fecha en que fueron recogidos.<\/p>\n<p>Los datos recogidos a trav\u00e9s de cookies y y datos de navegaci\u00f3n de usuarios web, tendr\u00e1n un periodo de conservaci\u00f3n m\u00e1ximo de un a\u00f1o desde su recogida.<\/p>\n<p><strong><u>Responsabilidades del usuario:<\/u><\/strong><\/p>\n<p>El usuario garantiza ser mayor de edad, disponiendo de la capacidad suficiente y el conocimiento necesario para utilizar este sitio web www.ett-spain.com y su contenido, garantizando que los datos que facilita en cada uno de los formularios en los que ETTS solicita sus datos personales son veraces, reconoci\u00e9ndose responsabilidad de informar a ETTS de cualquier cambio y\/o modificaci\u00f3n de los mismos para su correcto tratamiento.<\/p>\n<p><strong><u>Medidas de Seguridad:<\/u><\/strong><\/p>\n<p>ETTS ha implantado las medidas de seguridad necesarias para garantizar un uso y tratamiento eficaz de los datos de car\u00e1cter personal facilitados por el usuario, salvaguardando la intimidad, privacidad, confidencialidad e integridad de los mismos, cumpliendo con los requisitos normativos previstos por la normativa de aplicaci\u00f3n y haciendo uso de los medios t\u00e9cnicos necesarios para evitar la alteraci\u00f3n, p\u00e9rdida, acceso no autorizado o tratamiento de sus datos, seg\u00fan el estado de la tecnolog\u00eda en cada momento, as\u00ed como el alcance de control de ETTS.<\/p>\n<p><strong><u>Normativa relacionada.<\/u><\/strong><\/p>\n<p>Si desea obtener m\u00e1s informaci\u00f3n sobre la normativa que le asiste, protege y fija sus derechos, ponemos a su disposici\u00f3n las leyes que han inspirado la presente pol\u00edtica y son relevantes para ustedi:<\/p>\n<ul>\n<li><a href=\"https:\/\/www.boe.es\/buscar\/doc.php?id=DOUE-L-2016-80807\">Reglamento General de Protecci\u00f3n de Datos UE 2016\/679<\/a><\/li>\n<li><a href=\"https:\/\/www.boe.es\/buscar\/doc.php?id=BOE-A-2018-16673\">Ley Org\u00e1nica 3\/2018 de Protecci\u00f3n de Datos Personales y Garant\u00eda de los Derechos Digitales<\/a><\/li>\n<li><a href=\"https:\/\/www.boe.es\/buscar\/act.php?id=BOE-A-2008-979\">Real Decreto 1720\/2007, de 21 de diciembre, por el que se aprueba el Reglamento de desarrollo de la Ley Org\u00e1nica 15\/1999, de 13 de diciembre, de protecci\u00f3n de datos de car\u00e1cter personales.<\/a><\/li>\n<\/ul>\n<ul>\n<li><a href=\"http:\/\/www.boe.es\/buscar\/act.php?id=BOE-A-2002-13758\">Ley 34\/2002, de 11 de julio, de servicios de la sociedad de la informaci\u00f3n y de comercio electr\u00f3nico<\/a><\/li>\n<\/ul>\n<p>[\/et_pb_text][\/et_pb_column][\/et_pb_row][\/et_pb_section]<\/p>\n","protected":false},"excerpt":{"rendered":"<p>[et_pb_section bb_built=\u00bb1&#8243;][et_pb_row][et_pb_column type=\u00bb4_4&#8243;][et_pb_text _builder_version=\u00bb3.19.4&#8243; text_orientation=\u00bbjustified\u00bb header_font=\u00bb|||||on|||\u00bb text_font=\u00bb|||||on|||\u00bb] SITIO WEB: POL\u00cdTICA DE PRIVACIDAD. \u00a0 POL\u00cdTICA DE PRIVACIDAD Esta Pol\u00edtica de Privacidad describe c\u00f3mo E TRANSFER TECHNOLOGIES SPAIN, S.L. (en adelante, indistintamente, \u201cETTS\u201d) recoge, procesa y utiliza la informaci\u00f3n personal de sus clientes y usuarios, siempre ampar\u00e1ndonos en nuestro compromiso con la privacidad y la seguridad de [&hellip;]<\/p>\n","protected":false},"author":1,"featured_media":0,"parent":0,"menu_order":0,"comment_status":"closed","ping_status":"closed","template":"","meta":{"_et_pb_use_builder":"on","_et_pb_old_content":"","_et_gb_content_width":"","footnotes":"","_locale":"es_ES","_original_post":"120581"},"yoast_head":"<!-- This site is optimized with the Yoast SEO plugin v23.5 - https:\/\/yoast.com\/wordpress\/plugins\/seo\/ -->\n<title>Pol\u00edtica de Privacidad - E-Transfer Technologies<\/title>\n<meta name=\"description\" content=\"\u00a1En ETT, estamos comprometidos a proteger y respetar su privacidad! Los protocolos para recopilar y divulgar sus datos se describen aqu\u00ed.\" \/>\n<meta name=\"robots\" content=\"index, follow, max-snippet:-1, max-image-preview:large, max-video-preview:-1\" \/>\n<link rel=\"canonical\" href=\"https:\/\/ett-global.com\/es\/politica-de-privacidad\/\" \/>\n<meta property=\"og:locale\" content=\"es_ES\" \/>\n<meta property=\"og:type\" content=\"article\" \/>\n<meta property=\"og:title\" content=\"Pol\u00edtica de Privacidad - E-Transfer Technologies\" \/>\n<meta property=\"og:description\" content=\"\u00a1En ETT, estamos comprometidos a proteger y respetar su privacidad! Los protocolos para recopilar y divulgar sus datos se describen aqu\u00ed.\" \/>\n<meta property=\"og:url\" content=\"https:\/\/ett-global.com\/es\/politica-de-privacidad\/\" \/>\n<meta property=\"og:site_name\" content=\"E-Transfer Technologies\" \/>\n<meta property=\"article:modified_time\" content=\"2021-09-24T06:16:17+00:00\" \/>\n<meta property=\"og:image\" content=\"https:\/\/ett-global.com\/wp-content\/uploads\/2021\/11\/ETT-Logo.png\" \/>\n\t<meta property=\"og:image:width\" content=\"3862\" \/>\n\t<meta property=\"og:image:height\" content=\"2168\" \/>\n\t<meta property=\"og:image:type\" content=\"image\/png\" \/>\n<meta name=\"twitter:card\" content=\"summary_large_image\" \/>\n<meta name=\"twitter:label1\" content=\"Tiempo de lectura\" \/>\n\t<meta name=\"twitter:data1\" content=\"8 minutos\" \/>\n<script type=\"application\/ld+json\" class=\"yoast-schema-graph\">{\"@context\":\"https:\/\/schema.org\",\"@graph\":[{\"@type\":\"WebPage\",\"@id\":\"https:\/\/ett-global.com\/es\/politica-de-privacidad\/\",\"url\":\"https:\/\/ett-global.com\/es\/politica-de-privacidad\/\",\"name\":\"Pol\u00edtica de Privacidad - E-Transfer Technologies\",\"isPartOf\":{\"@id\":\"https:\/\/ett-global.com\/#website\"},\"datePublished\":\"2018-02-07T15:36:37+00:00\",\"dateModified\":\"2021-09-24T06:16:17+00:00\",\"description\":\"\u00a1En ETT, estamos comprometidos a proteger y respetar su privacidad! Los protocolos para recopilar y divulgar sus datos se describen aqu\u00ed.\",\"breadcrumb\":{\"@id\":\"https:\/\/ett-global.com\/es\/politica-de-privacidad\/#breadcrumb\"},\"inLanguage\":\"es\",\"potentialAction\":[{\"@type\":\"ReadAction\",\"target\":[\"https:\/\/ett-global.com\/es\/politica-de-privacidad\/\"]}]},{\"@type\":\"BreadcrumbList\",\"@id\":\"https:\/\/ett-global.com\/es\/politica-de-privacidad\/#breadcrumb\",\"itemListElement\":[{\"@type\":\"ListItem\",\"position\":1,\"name\":\"Home\",\"item\":\"https:\/\/ett-global.com\/es\/\"},{\"@type\":\"ListItem\",\"position\":2,\"name\":\"Pol\u00edtica de Privacidad\"}]},{\"@type\":\"WebSite\",\"@id\":\"https:\/\/ett-global.com\/#website\",\"url\":\"https:\/\/ett-global.com\/\",\"name\":\"E-Transfer Technologies\",\"description\":\"Otro sitio realizado con WordPress\",\"publisher\":{\"@id\":\"https:\/\/ett-global.com\/#organization\"},\"alternateName\":\"ETT Global\",\"potentialAction\":[{\"@type\":\"SearchAction\",\"target\":{\"@type\":\"EntryPoint\",\"urlTemplate\":\"https:\/\/ett-global.com\/?s={search_term_string}\"},\"query-input\":{\"@type\":\"PropertyValueSpecification\",\"valueRequired\":true,\"valueName\":\"search_term_string\"}}],\"inLanguage\":\"es\"},{\"@type\":\"Organization\",\"@id\":\"https:\/\/ett-global.com\/#organization\",\"name\":\"E-Transfer Technologies\",\"alternateName\":\"ETT Global\",\"url\":\"https:\/\/ett-global.com\/\",\"logo\":{\"@type\":\"ImageObject\",\"inLanguage\":\"es\",\"@id\":\"https:\/\/ett-global.com\/#\/schema\/logo\/image\/\",\"url\":\"https:\/\/ett-global.com\/wp-content\/uploads\/2021\/11\/cropped-Icon.png\",\"contentUrl\":\"https:\/\/ett-global.com\/wp-content\/uploads\/2021\/11\/cropped-Icon.png\",\"width\":512,\"height\":512,\"caption\":\"E-Transfer Technologies\"},\"image\":{\"@id\":\"https:\/\/ett-global.com\/#\/schema\/logo\/image\/\"}}]}<\/script>\n<!-- \/ Yoast SEO plugin. -->","yoast_head_json":{"title":"Pol\u00edtica de Privacidad - E-Transfer Technologies","description":"\u00a1En ETT, estamos comprometidos a proteger y respetar su privacidad! Los protocolos para recopilar y divulgar sus datos se describen aqu\u00ed.","robots":{"index":"index","follow":"follow","max-snippet":"max-snippet:-1","max-image-preview":"max-image-preview:large","max-video-preview":"max-video-preview:-1"},"canonical":"https:\/\/ett-global.com\/es\/politica-de-privacidad\/","og_locale":"es_ES","og_type":"article","og_title":"Pol\u00edtica de Privacidad - E-Transfer Technologies","og_description":"\u00a1En ETT, estamos comprometidos a proteger y respetar su privacidad! Los protocolos para recopilar y divulgar sus datos se describen aqu\u00ed.","og_url":"https:\/\/ett-global.com\/es\/politica-de-privacidad\/","og_site_name":"E-Transfer Technologies","article_modified_time":"2021-09-24T06:16:17+00:00","og_image":[{"width":3862,"height":2168,"url":"https:\/\/ett-global.com\/wp-content\/uploads\/2021\/11\/ETT-Logo.png","type":"image\/png"}],"twitter_card":"summary_large_image","twitter_misc":{"Tiempo de lectura":"8 minutos"},"schema":{"@context":"https:\/\/schema.org","@graph":[{"@type":"WebPage","@id":"https:\/\/ett-global.com\/es\/politica-de-privacidad\/","url":"https:\/\/ett-global.com\/es\/politica-de-privacidad\/","name":"Pol\u00edtica de Privacidad - E-Transfer Technologies","isPartOf":{"@id":"https:\/\/ett-global.com\/#website"},"datePublished":"2018-02-07T15:36:37+00:00","dateModified":"2021-09-24T06:16:17+00:00","description":"\u00a1En ETT, estamos comprometidos a proteger y respetar su privacidad! Los protocolos para recopilar y divulgar sus datos se describen aqu\u00ed.","breadcrumb":{"@id":"https:\/\/ett-global.com\/es\/politica-de-privacidad\/#breadcrumb"},"inLanguage":"es","potentialAction":[{"@type":"ReadAction","target":["https:\/\/ett-global.com\/es\/politica-de-privacidad\/"]}]},{"@type":"BreadcrumbList","@id":"https:\/\/ett-global.com\/es\/politica-de-privacidad\/#breadcrumb","itemListElement":[{"@type":"ListItem","position":1,"name":"Home","item":"https:\/\/ett-global.com\/es\/"},{"@type":"ListItem","position":2,"name":"Pol\u00edtica de Privacidad"}]},{"@type":"WebSite","@id":"https:\/\/ett-global.com\/#website","url":"https:\/\/ett-global.com\/","name":"E-Transfer Technologies","description":"Otro sitio realizado con WordPress","publisher":{"@id":"https:\/\/ett-global.com\/#organization"},"alternateName":"ETT Global","potentialAction":[{"@type":"SearchAction","target":{"@type":"EntryPoint","urlTemplate":"https:\/\/ett-global.com\/?s={search_term_string}"},"query-input":{"@type":"PropertyValueSpecification","valueRequired":true,"valueName":"search_term_string"}}],"inLanguage":"es"},{"@type":"Organization","@id":"https:\/\/ett-global.com\/#organization","name":"E-Transfer Technologies","alternateName":"ETT Global","url":"https:\/\/ett-global.com\/","logo":{"@type":"ImageObject","inLanguage":"es","@id":"https:\/\/ett-global.com\/#\/schema\/logo\/image\/","url":"https:\/\/ett-global.com\/wp-content\/uploads\/2021\/11\/cropped-Icon.png","contentUrl":"https:\/\/ett-global.com\/wp-content\/uploads\/2021\/11\/cropped-Icon.png","width":512,"height":512,"caption":"E-Transfer Technologies"},"image":{"@id":"https:\/\/ett-global.com\/#\/schema\/logo\/image\/"}}]}},"_links":{"self":[{"href":"https:\/\/ett-global.com\/wp-json\/wp\/v2\/pages\/120581"}],"collection":[{"href":"https:\/\/ett-global.com\/wp-json\/wp\/v2\/pages"}],"about":[{"href":"https:\/\/ett-global.com\/wp-json\/wp\/v2\/types\/page"}],"author":[{"embeddable":true,"href":"https:\/\/ett-global.com\/wp-json\/wp\/v2\/users\/1"}],"replies":[{"embeddable":true,"href":"https:\/\/ett-global.com\/wp-json\/wp\/v2\/comments?post=120581"}],"version-history":[{"count":15,"href":"https:\/\/ett-global.com\/wp-json\/wp\/v2\/pages\/120581\/revisions"}],"predecessor-version":[{"id":121953,"href":"https:\/\/ett-global.com\/wp-json\/wp\/v2\/pages\/120581\/revisions\/121953"}],"wp:attachment":[{"href":"https:\/\/ett-global.com\/wp-json\/wp\/v2\/media?parent=120581"}],"curies":[{"name":"wp","href":"https:\/\/api.w.org\/{rel}","templated":true}]}}