{"id":120592,"date":"2018-02-07T15:47:46","date_gmt":"2018-02-07T15:47:46","guid":{"rendered":"https:\/\/ett-global.com\/?page_id=120592"},"modified":"2023-11-30T05:03:23","modified_gmt":"2023-11-30T05:03:23","slug":"politica-de-cookies","status":"publish","type":"page","link":"https:\/\/ett-global.com\/es\/politica-de-cookies\/","title":{"rendered":"Pol\u00edtica de Cookies"},"content":{"rendered":"<p>[et_pb_section fb_built=\u00bb1&#8243; _builder_version=\u00bb3.22&#8243;][et_pb_row _builder_version=\u00bb3.25&#8243; background_size=\u00bbinitial\u00bb background_position=\u00bbtop_left\u00bb background_repeat=\u00bbrepeat\u00bb][et_pb_column type=\u00bb4_4&#8243; _builder_version=\u00bb3.25&#8243; custom_padding=\u00bb|||\u00bb custom_padding__hover=\u00bb|||\u00bb][et_pb_text _builder_version=\u00bb4.5.3&#8243; text_font=\u00bb|||||on|||\u00bb header_font=\u00bb|||||on|||\u00bb header_text_align=\u00bbcenter\u00bb text_orientation=\u00bbjustified\u00bb hover_enabled=\u00bb0&#8243;]<\/p>\n<h1 class=\"entry-title main_title\" style=\"text-align: center;\">Pol\u00edtica de Cookies<\/h1>\n<div class=\"entry-content\">\n<p>En cumplimiento con lo dispuesto en el art\u00edculo 22.2 de la Ley 34\/2002 de 11 de julio, de Servicios de la Sociedad de la Informaci\u00f3n y de Comercio Electr\u00f3nico, procedemos a informarles, en esta secci\u00f3n, sobre la pol\u00edtica de recogida y tratamiento de cookies.<\/p>\n<p>Asimismo, le informamos de que nuestro sitio web, <a href=\"http:\/\/ett-spain.es\">www.ett-spain.es<\/a>, cuyo titular es ETT Spain, puede utilizar cookies con la finalidad de obtener datos estad\u00edsticos de la navegaci\u00f3n de sus usuarios y mejorar nuestros servicios.<\/p>\n<p><strong><u>\u00bfQu\u00e9 son las cookies?<\/u><\/strong><\/p>\n<p>Una cookie es un fichero que se descarga en su ordenador al\u00a0acceder a determinadas p\u00e1ginas web. Las cookies permiten a una p\u00e1gina web,\u00a0entre otras cosas, almacenar y recuperar informaci\u00f3n sobre los h\u00e1bitos de\u00a0navegaci\u00f3n de un usuario o de su equipo y, dependiendo de la informaci\u00f3n que\u00a0contengan y de la forma en que utilice su equipo, pueden utilizarse para\u00a0reconocer al usuario.\u00a0Las cookies que utilizamos no almacenan dato personal alguno, ni ning\u00fan tipo de informaci\u00f3n que pueda identificarle.<\/p>\n<p><strong><u>\u00bfPor qu\u00e9 son \u00fatiles?<\/u><\/strong><\/p>\n<p><u><\/u>Las cookies facilitan el uso de nuestra p\u00e1gina web. Las cookies son peque\u00f1os ficheros de informaci\u00f3n que nos permiten comparar y entender c\u00f3mo nuestros usuarios navegan a trav\u00e9s de nuestra p\u00e1gina web, y de esta manera poder mejorar consecuentemente el proceso de navegaci\u00f3n. As\u00ed, por ejemplo, nos permiten adaptar nuestro sitio web a las preferencias del usuario en materia de idioma o moneda de su pa\u00eds. Adem\u00e1s, sirven para hacer m\u00e1s eficiente la publicidad que le mostramos.<\/p>\n<p><strong><u>\u00bfQu\u00e9 tipos de cookies utiliza esta p\u00e1gina web?<\/u><\/strong><\/p>\n<p><u><\/u>Esta p\u00e1gina web utiliza los siguientes tipos de cookies:<\/p>\n<p><strong><u>Cookies de an\u00e1lisis<\/u><\/strong>: Son aqu\u00e9llas que bien tratadas por nosotros o por\u00a0terceros, nos permiten cuantificar el n\u00famero de usuarios y as\u00ed realizar la\u00a0medici\u00f3n y an\u00e1lisis estad\u00edstico de la utilizaci\u00f3n que hacen los usuarios del\u00a0servicio ofertado. Para ello se analiza su navegaci\u00f3n en nuestra p\u00e1gina web\u00a0con el fin de mejorar la oferta de productos o servicios que le ofrecemos.<\/p>\n<p><strong><u>Cookies t\u00e9cnicas<\/u><\/strong>: Son aquellas que permiten al usuario la navegaci\u00f3n a trav\u00e9s del \u00e1rea restringida y la utilizaci\u00f3n de sus diferentes funciones, como por ejemplo, llevar a cambio el proceso de compra de un art\u00edculo.<\/p>\n<p><strong><u>Cookies de personalizaci\u00f3n<\/u><\/strong>: Son aquellas que permiten al usuario acceder al servicio con algunas caracter\u00edsticas de car\u00e1cter general predefinidas en funci\u00f3n de una serie de criterios en el terminal del usuario como por ejemplo serian el idioma o el tipo de navegador a trav\u00e9s del cual se conecta al servicio.<\/p>\n<p><strong><u>Cookies publicitarias<\/u><\/strong>: Son aqu\u00e9llas que, bien tratadas por esta web\u00a0o por\u00a0terceros, permiten gestionar de la forma m\u00e1s eficaz posible la oferta de\u00a0los espacios publicitarios que hay en la p\u00e1gina web, adecuando el contenido\u00a0del anuncio al contenido del servicio solicitado o al uso que realice de nuestra\u00a0p\u00e1gina web. Para ello podemos analizar sus h\u00e1bitos de navegaci\u00f3n en Internet\u00a0y podemos mostrarle publicidad relacionada con su perfil de navegaci\u00f3n.<\/p>\n<p><strong><u>Cookies de publicidad comportamental<\/u><\/strong>: Son aquellas que permiten la gesti\u00f3n, de la forma m\u00e1s eficaz posible, de los espacios publicitarios que, en su caso, el editor haya incluido en una p\u00e1gina web, aplicaci\u00f3n o plataforma desde la que presta el servicio solicitado. Este tipo de cookies almacenan informaci\u00f3n del comportamiento de los visitantes\u00a0obtenida a trav\u00e9s de la observaci\u00f3n continuada de sus h\u00e1bitos de navegaci\u00f3n, lo que permite desarrollar un perfil espec\u00edfico para mostrar avisos publicitarios\u00a0en funci\u00f3n del mismo.<\/p>\n<p><strong><u>Cookies de terceros<\/u><\/strong><\/p>\n<p><u><\/u>Igualmente, le informamos que este sitio web utiliza\u00a0servicios de terceros para recopilar informaci\u00f3n con fines estad\u00edsticos y de uso de la web.<\/p>\n<p>En concreto, usamos los servicios de Google Adsense y de Google Analytics para nuestras estad\u00edsticas y publicidad. Algunas cookies son esenciales para el funcionamiento del sitio, por ejemplo, el buscador incorporado.<\/p>\n<p>Nuestro sitio incluye otras funcionalidades proporcionadas por terceros. Usted puede f\u00e1cilmente compartir el contenido en redes sociales como Facebook, Twitter, LinkedIn o Google +, con los botones que hemos incluido a tal efecto.<\/p>\n<p><u><\/u><strong><u>Consentimiento<\/u><\/strong><\/p>\n<p><u><\/u>Si usted consiente la utilizaci\u00f3n de cookies, contin\u00faa navegando o hace clic en alg\u00fan enlace, se considerar\u00e1 que usted ha consentido nuestra pol\u00edtica de cookies y, por tanto, la instalaci\u00f3n de las mismas en su equipo o dispositivo.<\/p>\n<p><u><\/u><strong><u>C\u00f3mo desactivar o eliminar las cookies<\/u><\/strong><\/p>\n<p>Puede usted\u00a0permitir, bloquear o eliminar las cookies\u00a0instaladas en su equipo\u00a0mediante la configuraci\u00f3n de las opciones del navegador instalado en su\u00a0ordenador.<\/p>\n<p>En la mayor\u00eda de los navegadores web se ofrece la posibilidad de permitir, bloquear o eliminar las cookies instaladas en su equipo.<\/p>\n<p>A continuaci\u00f3n, puede acceder a la configuraci\u00f3n de los navegadores webs m\u00e1s frecuentes para aceptar, instalar o desactivar las cookies:<\/p>\n<p><a href=\"https:\/\/support.google.com\/chrome\/answer\/95647?hl=es\">Configurar cookies en Google Chrome<\/a><\/p>\n<p><a href=\"http:\/\/windows.microsoft.com\/es-es\/windows7\/how-to-manage-cookies-in-internet-explorer-9\">Configurar cookies en Microsoft Internet Explorer<\/a><\/p>\n<p><a href=\"https:\/\/support.mozilla.org\/es\/kb\/habilitar-y-deshabilitar-cookies-sitios-web-rastrear-preferencias?redirectlocale=es&amp;redirectslug=habilitar-y-deshabilitar-cookies-que-los-sitios-we\">Configurar cookies en Mozilla Firefox<\/a><\/p>\n<p><a href=\"https:\/\/support.apple.com\/es-es\/HT201265\">Configurar cookies en Safari (Apple)<\/a><\/p>\n<p><u><\/u><strong><u>Advertencia sobre la eliminaci\u00f3n y deshabilitaci\u00f3n de cookies<\/u><\/strong><\/p>\n<p>Usted puede eliminar y bloquear todas las cookies de este sitio, pero es posible que parte de los servicios ofrecidos por el sitio no funcionen correctamente o la calidad de la p\u00e1gina web pueda verse afectada, haciendo su experiencia como usuario notablemente menos satisfactoria.<\/p>\n<p><u><\/u><strong><u>Contacto<\/u><\/strong><\/p>\n<p>Si tiene cualquier duda acerca de\u00a0nuestra pol\u00edtica de cookies, puede contactar con esta p\u00e1gina web a trav\u00e9s de la direcci\u00f3n de correo electr\u00f3nico <a href=\"mailto:support@ett-spain.com\" data-o-mail-quote=\"1\">support@ett-spain.com<\/a>.<\/p>\n<\/div>\n<p>[\/et_pb_text][\/et_pb_column][\/et_pb_row][\/et_pb_section]<\/p>\n","protected":false},"excerpt":{"rendered":"<p>[et_pb_section fb_built=\u00bb1&#8243; _builder_version=\u00bb3.22&#8243;][et_pb_row _builder_version=\u00bb3.25&#8243; background_size=\u00bbinitial\u00bb background_position=\u00bbtop_left\u00bb background_repeat=\u00bbrepeat\u00bb][et_pb_column type=\u00bb4_4&#8243; _builder_version=\u00bb3.25&#8243; custom_padding=\u00bb|||\u00bb custom_padding__hover=\u00bb|||\u00bb][et_pb_text _builder_version=\u00bb4.5.3&#8243; text_font=\u00bb|||||on|||\u00bb header_font=\u00bb|||||on|||\u00bb header_text_align=\u00bbcenter\u00bb text_orientation=\u00bbjustified\u00bb hover_enabled=\u00bb0&#8243;] Pol\u00edtica de Cookies En cumplimiento con lo dispuesto en el art\u00edculo 22.2 de la Ley 34\/2002 de 11 de julio, de Servicios de la Sociedad de la Informaci\u00f3n y de Comercio Electr\u00f3nico, procedemos a informarles, en esta secci\u00f3n, [&hellip;]<\/p>\n","protected":false},"author":1,"featured_media":0,"parent":0,"menu_order":0,"comment_status":"closed","ping_status":"closed","template":"","meta":{"_et_pb_use_builder":"on","_et_pb_old_content":"","_et_gb_content_width":"","footnotes":"","_locale":"es_ES","_original_post":"120592"},"yoast_head":"<!-- This site is optimized with the Yoast SEO plugin v23.5 - https:\/\/yoast.com\/wordpress\/plugins\/seo\/ -->\n<title>Pol\u00edtica de Cookies - E-Transfer Technologies<\/title>\n<meta name=\"description\" content=\"Nuestro sitio web utiliza cookies para obtener datos estad\u00edsticos sobre la navegaci\u00f3n de sus usuarios y mejorar nuestros servicios.\" \/>\n<meta name=\"robots\" content=\"index, follow, max-snippet:-1, max-image-preview:large, max-video-preview:-1\" \/>\n<link rel=\"canonical\" href=\"https:\/\/ett-global.com\/es\/politica-de-cookies\/\" \/>\n<meta property=\"og:locale\" content=\"es_ES\" \/>\n<meta property=\"og:type\" content=\"article\" \/>\n<meta property=\"og:title\" content=\"Pol\u00edtica de Cookies - E-Transfer Technologies\" \/>\n<meta property=\"og:description\" content=\"Nuestro sitio web utiliza cookies para obtener datos estad\u00edsticos sobre la navegaci\u00f3n de sus usuarios y mejorar nuestros servicios.\" \/>\n<meta property=\"og:url\" content=\"https:\/\/ett-global.com\/es\/politica-de-cookies\/\" \/>\n<meta property=\"og:site_name\" content=\"E-Transfer Technologies\" \/>\n<meta property=\"article:modified_time\" content=\"2023-11-30T05:03:23+00:00\" \/>\n<meta property=\"og:image\" content=\"https:\/\/ett-global.com\/wp-content\/uploads\/2021\/11\/ETT-Logo.png\" \/>\n\t<meta property=\"og:image:width\" content=\"3862\" \/>\n\t<meta property=\"og:image:height\" content=\"2168\" \/>\n\t<meta property=\"og:image:type\" content=\"image\/png\" \/>\n<meta name=\"twitter:card\" content=\"summary_large_image\" \/>\n<meta name=\"twitter:label1\" content=\"Tiempo de lectura\" \/>\n\t<meta name=\"twitter:data1\" content=\"5 minutos\" \/>\n<script type=\"application\/ld+json\" class=\"yoast-schema-graph\">{\"@context\":\"https:\/\/schema.org\",\"@graph\":[{\"@type\":\"WebPage\",\"@id\":\"https:\/\/ett-global.com\/es\/politica-de-cookies\/\",\"url\":\"https:\/\/ett-global.com\/es\/politica-de-cookies\/\",\"name\":\"Pol\u00edtica de Cookies - E-Transfer Technologies\",\"isPartOf\":{\"@id\":\"https:\/\/ett-global.com\/#website\"},\"datePublished\":\"2018-02-07T15:47:46+00:00\",\"dateModified\":\"2023-11-30T05:03:23+00:00\",\"description\":\"Nuestro sitio web utiliza cookies para obtener datos estad\u00edsticos sobre la navegaci\u00f3n de sus usuarios y mejorar nuestros servicios.\",\"breadcrumb\":{\"@id\":\"https:\/\/ett-global.com\/es\/politica-de-cookies\/#breadcrumb\"},\"inLanguage\":\"es\",\"potentialAction\":[{\"@type\":\"ReadAction\",\"target\":[\"https:\/\/ett-global.com\/es\/politica-de-cookies\/\"]}]},{\"@type\":\"BreadcrumbList\",\"@id\":\"https:\/\/ett-global.com\/es\/politica-de-cookies\/#breadcrumb\",\"itemListElement\":[{\"@type\":\"ListItem\",\"position\":1,\"name\":\"Home\",\"item\":\"https:\/\/ett-global.com\/es\/\"},{\"@type\":\"ListItem\",\"position\":2,\"name\":\"Pol\u00edtica de Cookies\"}]},{\"@type\":\"WebSite\",\"@id\":\"https:\/\/ett-global.com\/#website\",\"url\":\"https:\/\/ett-global.com\/\",\"name\":\"E-Transfer Technologies\",\"description\":\"Otro sitio realizado con WordPress\",\"publisher\":{\"@id\":\"https:\/\/ett-global.com\/#organization\"},\"alternateName\":\"ETT Global\",\"potentialAction\":[{\"@type\":\"SearchAction\",\"target\":{\"@type\":\"EntryPoint\",\"urlTemplate\":\"https:\/\/ett-global.com\/?s={search_term_string}\"},\"query-input\":{\"@type\":\"PropertyValueSpecification\",\"valueRequired\":true,\"valueName\":\"search_term_string\"}}],\"inLanguage\":\"es\"},{\"@type\":\"Organization\",\"@id\":\"https:\/\/ett-global.com\/#organization\",\"name\":\"E-Transfer Technologies\",\"alternateName\":\"ETT Global\",\"url\":\"https:\/\/ett-global.com\/\",\"logo\":{\"@type\":\"ImageObject\",\"inLanguage\":\"es\",\"@id\":\"https:\/\/ett-global.com\/#\/schema\/logo\/image\/\",\"url\":\"https:\/\/ett-global.com\/wp-content\/uploads\/2021\/11\/cropped-Icon.png\",\"contentUrl\":\"https:\/\/ett-global.com\/wp-content\/uploads\/2021\/11\/cropped-Icon.png\",\"width\":512,\"height\":512,\"caption\":\"E-Transfer Technologies\"},\"image\":{\"@id\":\"https:\/\/ett-global.com\/#\/schema\/logo\/image\/\"}}]}<\/script>\n<!-- \/ Yoast SEO plugin. -->","yoast_head_json":{"title":"Pol\u00edtica de Cookies - E-Transfer Technologies","description":"Nuestro sitio web utiliza cookies para obtener datos estad\u00edsticos sobre la navegaci\u00f3n de sus usuarios y mejorar nuestros servicios.","robots":{"index":"index","follow":"follow","max-snippet":"max-snippet:-1","max-image-preview":"max-image-preview:large","max-video-preview":"max-video-preview:-1"},"canonical":"https:\/\/ett-global.com\/es\/politica-de-cookies\/","og_locale":"es_ES","og_type":"article","og_title":"Pol\u00edtica de Cookies - E-Transfer Technologies","og_description":"Nuestro sitio web utiliza cookies para obtener datos estad\u00edsticos sobre la navegaci\u00f3n de sus usuarios y mejorar nuestros servicios.","og_url":"https:\/\/ett-global.com\/es\/politica-de-cookies\/","og_site_name":"E-Transfer Technologies","article_modified_time":"2023-11-30T05:03:23+00:00","og_image":[{"width":3862,"height":2168,"url":"https:\/\/ett-global.com\/wp-content\/uploads\/2021\/11\/ETT-Logo.png","type":"image\/png"}],"twitter_card":"summary_large_image","twitter_misc":{"Tiempo de lectura":"5 minutos"},"schema":{"@context":"https:\/\/schema.org","@graph":[{"@type":"WebPage","@id":"https:\/\/ett-global.com\/es\/politica-de-cookies\/","url":"https:\/\/ett-global.com\/es\/politica-de-cookies\/","name":"Pol\u00edtica de Cookies - E-Transfer Technologies","isPartOf":{"@id":"https:\/\/ett-global.com\/#website"},"datePublished":"2018-02-07T15:47:46+00:00","dateModified":"2023-11-30T05:03:23+00:00","description":"Nuestro sitio web utiliza cookies para obtener datos estad\u00edsticos sobre la navegaci\u00f3n de sus usuarios y mejorar nuestros servicios.","breadcrumb":{"@id":"https:\/\/ett-global.com\/es\/politica-de-cookies\/#breadcrumb"},"inLanguage":"es","potentialAction":[{"@type":"ReadAction","target":["https:\/\/ett-global.com\/es\/politica-de-cookies\/"]}]},{"@type":"BreadcrumbList","@id":"https:\/\/ett-global.com\/es\/politica-de-cookies\/#breadcrumb","itemListElement":[{"@type":"ListItem","position":1,"name":"Home","item":"https:\/\/ett-global.com\/es\/"},{"@type":"ListItem","position":2,"name":"Pol\u00edtica de Cookies"}]},{"@type":"WebSite","@id":"https:\/\/ett-global.com\/#website","url":"https:\/\/ett-global.com\/","name":"E-Transfer Technologies","description":"Otro sitio realizado con WordPress","publisher":{"@id":"https:\/\/ett-global.com\/#organization"},"alternateName":"ETT Global","potentialAction":[{"@type":"SearchAction","target":{"@type":"EntryPoint","urlTemplate":"https:\/\/ett-global.com\/?s={search_term_string}"},"query-input":{"@type":"PropertyValueSpecification","valueRequired":true,"valueName":"search_term_string"}}],"inLanguage":"es"},{"@type":"Organization","@id":"https:\/\/ett-global.com\/#organization","name":"E-Transfer Technologies","alternateName":"ETT Global","url":"https:\/\/ett-global.com\/","logo":{"@type":"ImageObject","inLanguage":"es","@id":"https:\/\/ett-global.com\/#\/schema\/logo\/image\/","url":"https:\/\/ett-global.com\/wp-content\/uploads\/2021\/11\/cropped-Icon.png","contentUrl":"https:\/\/ett-global.com\/wp-content\/uploads\/2021\/11\/cropped-Icon.png","width":512,"height":512,"caption":"E-Transfer Technologies"},"image":{"@id":"https:\/\/ett-global.com\/#\/schema\/logo\/image\/"}}]}},"_links":{"self":[{"href":"https:\/\/ett-global.com\/wp-json\/wp\/v2\/pages\/120592"}],"collection":[{"href":"https:\/\/ett-global.com\/wp-json\/wp\/v2\/pages"}],"about":[{"href":"https:\/\/ett-global.com\/wp-json\/wp\/v2\/types\/page"}],"author":[{"embeddable":true,"href":"https:\/\/ett-global.com\/wp-json\/wp\/v2\/users\/1"}],"replies":[{"embeddable":true,"href":"https:\/\/ett-global.com\/wp-json\/wp\/v2\/comments?post=120592"}],"version-history":[{"count":3,"href":"https:\/\/ett-global.com\/wp-json\/wp\/v2\/pages\/120592\/revisions"}],"predecessor-version":[{"id":123110,"href":"https:\/\/ett-global.com\/wp-json\/wp\/v2\/pages\/120592\/revisions\/123110"}],"wp:attachment":[{"href":"https:\/\/ett-global.com\/wp-json\/wp\/v2\/media?parent=120592"}],"curies":[{"name":"wp","href":"https:\/\/api.w.org\/{rel}","templated":true}]}}