{"id":121609,"date":"2019-12-12T09:21:24","date_gmt":"2019-12-12T09:21:24","guid":{"rendered":"https:\/\/ett-global.com\/?page_id=121609"},"modified":"2024-06-05T15:48:16","modified_gmt":"2024-06-05T15:48:16","slug":"socios","status":"publish","type":"page","link":"https:\/\/ett-global.com\/es\/socios\/","title":{"rendered":"Socios"},"content":{"rendered":"<p>[et_pb_section fb_built=\u00bb1&#8243; _builder_version=\u00bb3.22&#8243; background_color=\u00bbrgba(244,244,244,0.98)\u00bb background_image=\u00bbhttps:\/\/ett-global.com\/wp-content\/uploads\/2017\/11\/coding_bg_2.jpg\u00bb background_blend=\u00bboverlay\u00bb][et_pb_row custom_padding_last_edited=\u00bbon|tablet\u00bb _builder_version=\u00bb3.25&#8243; custom_padding=\u00bb|0px||\u00bb custom_padding_tablet=\u00bb35%|||\u00bb custom_padding_phone=\u00bb\u00bb][et_pb_column type=\u00bb4_4&#8243; _builder_version=\u00bb3.25&#8243; custom_padding=\u00bb|||\u00bb custom_padding__hover=\u00bb|||\u00bb][et_pb_text _builder_version=\u00bb4.5.3&#8243; text_font=\u00bb|||||on|||\u00bb text_orientation=\u00bbjustified\u00bb module_alignment=\u00bbleft\u00bb hover_enabled=\u00bb0&#8243;]<\/p>\n<div id=\"flipbox-widget-123463\" class=\"cfb_wrapper with-image flex-row\" data-flipboxid=\"flipbox-widget-123463\" data-bootstrap-status=\"enable\" data-fontawesome-icons=\"enable\"><div class=\"flex-col-md-6 cfb-box-1 cfb-box-wrapper\">\n                            <div class=\"flipbox-container cfb-layout-2 cfb-flip cfb-hover\" data-effect=\"y\" data-height=\"equal\" >\n                            <div class=\"flipbox-front-layout cfb-data\">\n                                <div class=\"flipbox-img\"><img decoding=\"async\" src=\"https:\/\/ett-global.com\/wp-content\/uploads\/2024\/07\/Sumsub.png\" alt=\"\" \/><\/div><\/div>\n                            <div class=\"flipbox-back-layout cfb-data\" style=\"background:#9cc720\">\n                            <h4>Sumsub<\/h4>\n                                <p>La integraci\u00f3n de ETT con Sumsub proporciona funcionalidades de cumplimiento incorporadas mejoradas\r\n\r\nEstamos encantados de unir fuerzas con Sumsub para reforzar nuestros procedimientos KYC, KYB y AML. La seguridad y el cumplimiento son primordiales para la industria de los pagos transfronterizos, y esta asociaci\u00f3n subraya nuestra dedicaci\u00f3n a proporcionar una plataforma fiable y segura para nuestros usuarios. La experiencia de Sumsub se alinea perfectamente con nuestra visi\u00f3n y, juntos, estableceremos nuevos est\u00e1ndares para las plataformas de pago fiat y cripto de marca blanca\u00bb.\r\n\r\nSumsub es una empresa con sede en el Reino Unido especializada en la verificaci\u00f3n de la identidad, la detecci\u00f3n de AML y de inicio de sesi\u00f3n, el fraude y la supervisi\u00f3n de transacciones y KYT para soluciones de cumplimiento de Travel Rule (fiat y cripto). Su tecnolog\u00eda de vanguardia combina inteligencia artificial, an\u00e1lisis biom\u00e9trico y verificaci\u00f3n de documentos para ofrecer servicios de verificaci\u00f3n de identidad seguros y eficientes a empresas de diversos sectores.<\/p><\/div>\n                            <\/div>\n                        <\/div><div class=\"flex-col-md-6 cfb-box-2 cfb-box-wrapper\">\n                            <div class=\"flipbox-container cfb-layout-2 cfb-flip cfb-hover\" data-effect=\"y\" data-height=\"equal\" >\n                            <div class=\"flipbox-front-layout cfb-data\">\n                                <div class=\"flipbox-img\"><img decoding=\"async\" src=\"https:\/\/ett-global.com\/wp-content\/uploads\/2024\/06\/AUTHORIPAY.jpg\" alt=\"\" \/><\/div><\/div>\n                            <div class=\"flipbox-back-layout cfb-data\" style=\"background:#9cc720\">\n                            <h4>Cuentas Y Soluciones De Salvaguarda<\/h4>\n                                <p>A lo largo de los a\u00f1os, ETT ha desarrollado una s\u00f3lida asociaci\u00f3n con Authoripay y nos enorgullece recomendar sus cuentas y soluciones de salvaguarda a nuestros clientes. Habiendo dirigido varias entidades reguladas en el Reino Unido y m\u00e1s all\u00e1, el equipo de AuthoriPay es consciente de la dificultad y el costo de obtener cuentas de salvaguarda y de la frecuencia con la que los bancos reducen el riesgo de los clientes existentes.\r\n\r\nLa salvaguarda de fondos en GBP es particularmente desafiante y costosa.\r\n\r\nUno de los m\u00e9todos de salvaguardia prescritos bajo PSD2 es colocar tu cuenta de salvaguardia no en un banco, sino en un Custodio Autorizado. AuthoriPay ahora trabaja directamente con dos de los custodios autorizados m\u00e1s grandes del mundo para proporcionar cuentas de salvaguardia conformes tanto a clientes del Reino Unido como de la EEA. Las cuentas pueden abrirse en cuesti\u00f3n de semanas y ganan intereses de acuerdo con las tasas del Banco Central.<\/p><\/div>\n                            <\/div>\n                        <\/div><div class=\"flex-col-md-6 cfb-box-3 cfb-box-wrapper\">\n                            <div class=\"flipbox-container cfb-layout-2 cfb-flip cfb-hover\" data-effect=\"y\" data-height=\"equal\" >\n                            <div class=\"flipbox-front-layout cfb-data\">\n                                <div class=\"flipbox-img\"><img decoding=\"async\" src=\"https:\/\/ett-global.com\/wp-content\/uploads\/2024\/06\/SEMOTO.jpg\" alt=\"\" \/><\/div><\/div>\n                            <div class=\"flipbox-back-layout cfb-data\" style=\"background:#9cc720\">\n                            <h4>Semoto<\/h4>\n                                <p>Semoto funciona como un mercado B2B adaptado al entorno Web3. Nuestra plataforma se especializa en la selecci\u00f3n y exhibici\u00f3n de proveedores de servicios de primer nivel en varios sectores verticales esenciales, entre los que se incluyen:\r\n\r\nLegal, Contabilidad, Seguros, Marketing, Consultor\u00eda. \r\n\r\nEstamos orgullosos de nuestro meticuloso proceso de selecci\u00f3n, que garantiza que los proveedores que figuran en nuestra lista abarcan un espectro diverso en t\u00e9rminos de tama\u00f1o y satisfacen una amplia gama de requisitos presupuestarios.\r\n\r\nNuestra misi\u00f3n consiste en ayudar tanto a las empresas Web2 en transici\u00f3n a la esfera Web3 como a los proyectos We3 a agilizar su b\u00fasqueda de proveedores de servicios adecuados.\r\n\r\nAl facilitar los procesos de descubrimiento, negociaci\u00f3n y selecci\u00f3n, pretendemos optimizar la eficiencia de todas las partes implicadas.<\/p><\/div>\n                            <\/div>\n                        <\/div><div class=\"flex-col-md-6 cfb-box-4 cfb-box-wrapper\">\n                            <div class=\"flipbox-container cfb-layout-2 cfb-flip cfb-hover\" data-effect=\"y\" data-height=\"equal\" >\n                            <div class=\"flipbox-front-layout cfb-data\">\n                                <div class=\"flipbox-img\"><img decoding=\"async\" src=\"https:\/\/ett-global.com\/wp-content\/uploads\/2024\/06\/XAP-SERVICES.jpg\" alt=\"\" \/><\/div><\/div>\n                            <div class=\"flipbox-back-layout cfb-data\" style=\"background:#9cc720\">\n                            <h4>Almacenamiento Y Protecci\u00f3n De Claves Para Carteras De Criptomonedas<\/h4>\n                                <p>\u00a1ETT se complace en anunciar su nueva asociaci\u00f3n con XAP Services, quienes han llevado la seguridad de activos criptogr\u00e1ficos a un nivel completamente nuevo!\r\n\r\nEl dicho dice \u00abpierde tus claves, pierde tus criptomonedas\u00bb, pero eso es cosa del pasado.\r\n\r\nXAP Services puede mantener una de tus claves para tus activos en almacenamiento profundo y fr\u00edo. Esto significa que si pierdes tus claves, podemos proporcionar un medio de acceso a tus activos.\r\n\r\nLos fundadores de XAP Services son dos abogados con sede en Londres que han pasado d\u00e9cadas custodiando informaci\u00f3n de clientes. Durante la pandemia de Covid, esta experiencia se utiliz\u00f3 como base para construir una acci\u00f3n empresarial como asesor de confianza tanto para individuos como para grandes instituciones, y guardar sus claves en caso de p\u00e9rdida. Para las instituciones, esto significaba comercio y liquidaci\u00f3n, mientras que para los individuos inclu\u00eda activos que formaban parte de la riqueza personal y herencias. XAP Services se estableci\u00f3 para continuar ese trabajo.\r\n\r\nSi t\u00fa o tus clientes tienen criptomonedas y desean establecer un procedimiento de respaldo contra la p\u00e9rdida de tus activos, podemos ayudar. Para programar una llamada de descubrimiento, simplemente env\u00eda un correo electr\u00f3nico a info@xapservices.com.<\/p><\/div>\n                            <\/div>\n                        <\/div><\/div>\n<p>[\/et_pb_text][\/et_pb_column][\/et_pb_row][\/et_pb_section]<\/p>\n","protected":false},"excerpt":{"rendered":"<p>[et_pb_section fb_built=\u00bb1&#8243; _builder_version=\u00bb3.22&#8243; background_color=\u00bbrgba(244,244,244,0.98)\u00bb background_image=\u00bbhttps:\/\/ett-global.com\/wp-content\/uploads\/2017\/11\/coding_bg_2.jpg\u00bb background_blend=\u00bboverlay\u00bb][et_pb_row custom_padding_last_edited=\u00bbon|tablet\u00bb _builder_version=\u00bb3.25&#8243; custom_padding=\u00bb|0px||\u00bb custom_padding_tablet=\u00bb35%|||\u00bb custom_padding_phone=\u00bb\u00bb][et_pb_column type=\u00bb4_4&#8243; _builder_version=\u00bb3.25&#8243; custom_padding=\u00bb|||\u00bb custom_padding__hover=\u00bb|||\u00bb][et_pb_text _builder_version=\u00bb4.5.3&#8243; text_font=\u00bb|||||on|||\u00bb text_orientation=\u00bbjustified\u00bb module_alignment=\u00bbleft\u00bb hover_enabled=\u00bb0&#8243;] [\/et_pb_text][\/et_pb_column][\/et_pb_row][\/et_pb_section]<\/p>\n","protected":false},"author":1,"featured_media":0,"parent":0,"menu_order":0,"comment_status":"closed","ping_status":"closed","template":"","meta":{"_et_pb_use_builder":"on","_et_pb_old_content":"","_et_gb_content_width":"","footnotes":"","_locale":"es_ES","_original_post":"121601"},"yoast_head":"<!-- This site is optimized with the Yoast SEO plugin v23.5 - https:\/\/yoast.com\/wordpress\/plugins\/seo\/ -->\n<title>Socios - E-Transfer Technologies<\/title>\n<meta name=\"description\" content=\"Somos un equipo de personas auto-motivadas con una fuerte \u00e9tica de trabajo. Explora nuestro equipo aqu\u00ed!\" \/>\n<meta name=\"robots\" content=\"index, follow, max-snippet:-1, max-image-preview:large, max-video-preview:-1\" \/>\n<link rel=\"canonical\" href=\"https:\/\/ett-global.com\/es\/socios\/\" \/>\n<meta property=\"og:locale\" content=\"es_ES\" \/>\n<meta property=\"og:type\" content=\"article\" \/>\n<meta property=\"og:title\" content=\"Socios - E-Transfer Technologies\" \/>\n<meta property=\"og:description\" content=\"Somos un equipo de personas auto-motivadas con una fuerte \u00e9tica de trabajo. Explora nuestro equipo aqu\u00ed!\" \/>\n<meta property=\"og:url\" content=\"https:\/\/ett-global.com\/es\/socios\/\" \/>\n<meta property=\"og:site_name\" content=\"E-Transfer Technologies\" \/>\n<meta property=\"article:modified_time\" content=\"2024-06-05T15:48:16+00:00\" \/>\n<meta property=\"og:image\" content=\"https:\/\/ett-global.com\/wp-content\/uploads\/2021\/11\/ETT-Logo.png\" \/>\n\t<meta property=\"og:image:width\" content=\"3862\" \/>\n\t<meta property=\"og:image:height\" content=\"2168\" \/>\n\t<meta property=\"og:image:type\" content=\"image\/png\" \/>\n<meta name=\"twitter:card\" content=\"summary_large_image\" \/>\n<script type=\"application\/ld+json\" class=\"yoast-schema-graph\">{\"@context\":\"https:\/\/schema.org\",\"@graph\":[{\"@type\":\"WebPage\",\"@id\":\"https:\/\/ett-global.com\/es\/socios\/\",\"url\":\"https:\/\/ett-global.com\/es\/socios\/\",\"name\":\"Socios - E-Transfer Technologies\",\"isPartOf\":{\"@id\":\"https:\/\/ett-global.com\/#website\"},\"datePublished\":\"2019-12-12T09:21:24+00:00\",\"dateModified\":\"2024-06-05T15:48:16+00:00\",\"description\":\"Somos un equipo de personas auto-motivadas con una fuerte \u00e9tica de trabajo. Explora nuestro equipo aqu\u00ed!\",\"breadcrumb\":{\"@id\":\"https:\/\/ett-global.com\/es\/socios\/#breadcrumb\"},\"inLanguage\":\"es\",\"potentialAction\":[{\"@type\":\"ReadAction\",\"target\":[\"https:\/\/ett-global.com\/es\/socios\/\"]}]},{\"@type\":\"BreadcrumbList\",\"@id\":\"https:\/\/ett-global.com\/es\/socios\/#breadcrumb\",\"itemListElement\":[{\"@type\":\"ListItem\",\"position\":1,\"name\":\"Home\",\"item\":\"https:\/\/ett-global.com\/es\/\"},{\"@type\":\"ListItem\",\"position\":2,\"name\":\"Socios\"}]},{\"@type\":\"WebSite\",\"@id\":\"https:\/\/ett-global.com\/#website\",\"url\":\"https:\/\/ett-global.com\/\",\"name\":\"E-Transfer Technologies\",\"description\":\"Otro sitio realizado con WordPress\",\"publisher\":{\"@id\":\"https:\/\/ett-global.com\/#organization\"},\"alternateName\":\"ETT Global\",\"potentialAction\":[{\"@type\":\"SearchAction\",\"target\":{\"@type\":\"EntryPoint\",\"urlTemplate\":\"https:\/\/ett-global.com\/?s={search_term_string}\"},\"query-input\":{\"@type\":\"PropertyValueSpecification\",\"valueRequired\":true,\"valueName\":\"search_term_string\"}}],\"inLanguage\":\"es\"},{\"@type\":\"Organization\",\"@id\":\"https:\/\/ett-global.com\/#organization\",\"name\":\"E-Transfer Technologies\",\"alternateName\":\"ETT Global\",\"url\":\"https:\/\/ett-global.com\/\",\"logo\":{\"@type\":\"ImageObject\",\"inLanguage\":\"es\",\"@id\":\"https:\/\/ett-global.com\/#\/schema\/logo\/image\/\",\"url\":\"https:\/\/ett-global.com\/wp-content\/uploads\/2021\/11\/cropped-Icon.png\",\"contentUrl\":\"https:\/\/ett-global.com\/wp-content\/uploads\/2021\/11\/cropped-Icon.png\",\"width\":512,\"height\":512,\"caption\":\"E-Transfer Technologies\"},\"image\":{\"@id\":\"https:\/\/ett-global.com\/#\/schema\/logo\/image\/\"}}]}<\/script>\n<!-- \/ Yoast SEO plugin. -->","yoast_head_json":{"title":"Socios - E-Transfer Technologies","description":"Somos un equipo de personas auto-motivadas con una fuerte \u00e9tica de trabajo. Explora nuestro equipo aqu\u00ed!","robots":{"index":"index","follow":"follow","max-snippet":"max-snippet:-1","max-image-preview":"max-image-preview:large","max-video-preview":"max-video-preview:-1"},"canonical":"https:\/\/ett-global.com\/es\/socios\/","og_locale":"es_ES","og_type":"article","og_title":"Socios - E-Transfer Technologies","og_description":"Somos un equipo de personas auto-motivadas con una fuerte \u00e9tica de trabajo. Explora nuestro equipo aqu\u00ed!","og_url":"https:\/\/ett-global.com\/es\/socios\/","og_site_name":"E-Transfer Technologies","article_modified_time":"2024-06-05T15:48:16+00:00","og_image":[{"width":3862,"height":2168,"url":"https:\/\/ett-global.com\/wp-content\/uploads\/2021\/11\/ETT-Logo.png","type":"image\/png"}],"twitter_card":"summary_large_image","schema":{"@context":"https:\/\/schema.org","@graph":[{"@type":"WebPage","@id":"https:\/\/ett-global.com\/es\/socios\/","url":"https:\/\/ett-global.com\/es\/socios\/","name":"Socios - E-Transfer Technologies","isPartOf":{"@id":"https:\/\/ett-global.com\/#website"},"datePublished":"2019-12-12T09:21:24+00:00","dateModified":"2024-06-05T15:48:16+00:00","description":"Somos un equipo de personas auto-motivadas con una fuerte \u00e9tica de trabajo. Explora nuestro equipo aqu\u00ed!","breadcrumb":{"@id":"https:\/\/ett-global.com\/es\/socios\/#breadcrumb"},"inLanguage":"es","potentialAction":[{"@type":"ReadAction","target":["https:\/\/ett-global.com\/es\/socios\/"]}]},{"@type":"BreadcrumbList","@id":"https:\/\/ett-global.com\/es\/socios\/#breadcrumb","itemListElement":[{"@type":"ListItem","position":1,"name":"Home","item":"https:\/\/ett-global.com\/es\/"},{"@type":"ListItem","position":2,"name":"Socios"}]},{"@type":"WebSite","@id":"https:\/\/ett-global.com\/#website","url":"https:\/\/ett-global.com\/","name":"E-Transfer Technologies","description":"Otro sitio realizado con WordPress","publisher":{"@id":"https:\/\/ett-global.com\/#organization"},"alternateName":"ETT Global","potentialAction":[{"@type":"SearchAction","target":{"@type":"EntryPoint","urlTemplate":"https:\/\/ett-global.com\/?s={search_term_string}"},"query-input":{"@type":"PropertyValueSpecification","valueRequired":true,"valueName":"search_term_string"}}],"inLanguage":"es"},{"@type":"Organization","@id":"https:\/\/ett-global.com\/#organization","name":"E-Transfer Technologies","alternateName":"ETT Global","url":"https:\/\/ett-global.com\/","logo":{"@type":"ImageObject","inLanguage":"es","@id":"https:\/\/ett-global.com\/#\/schema\/logo\/image\/","url":"https:\/\/ett-global.com\/wp-content\/uploads\/2021\/11\/cropped-Icon.png","contentUrl":"https:\/\/ett-global.com\/wp-content\/uploads\/2021\/11\/cropped-Icon.png","width":512,"height":512,"caption":"E-Transfer Technologies"},"image":{"@id":"https:\/\/ett-global.com\/#\/schema\/logo\/image\/"}}]}},"_links":{"self":[{"href":"https:\/\/ett-global.com\/wp-json\/wp\/v2\/pages\/121609"}],"collection":[{"href":"https:\/\/ett-global.com\/wp-json\/wp\/v2\/pages"}],"about":[{"href":"https:\/\/ett-global.com\/wp-json\/wp\/v2\/types\/page"}],"author":[{"embeddable":true,"href":"https:\/\/ett-global.com\/wp-json\/wp\/v2\/users\/1"}],"replies":[{"embeddable":true,"href":"https:\/\/ett-global.com\/wp-json\/wp\/v2\/comments?post=121609"}],"version-history":[{"count":34,"href":"https:\/\/ett-global.com\/wp-json\/wp\/v2\/pages\/121609\/revisions"}],"predecessor-version":[{"id":123464,"href":"https:\/\/ett-global.com\/wp-json\/wp\/v2\/pages\/121609\/revisions\/123464"}],"wp:attachment":[{"href":"https:\/\/ett-global.com\/wp-json\/wp\/v2\/media?parent=121609"}],"curies":[{"name":"wp","href":"https:\/\/api.w.org\/{rel}","templated":true}]}}