{"id":123132,"date":"2023-12-06T05:02:08","date_gmt":"2023-12-06T05:02:08","guid":{"rendered":"https:\/\/ett-global.com\/?page_id=123132"},"modified":"2023-12-06T05:19:23","modified_gmt":"2023-12-06T05:19:23","slug":"security","status":"publish","type":"page","link":"https:\/\/ett-global.com\/es\/security\/","title":{"rendered":"Seguridad"},"content":{"rendered":"<p>[et_pb_section fb_built=\u00bb1&#8243; _builder_version=\u00bb3.22&#8243; background_color=\u00bbrgba(244,244,244,0.98)\u00bb background_image=\u00bbhttps:\/\/ett-global.com\/wp-content\/uploads\/2017\/11\/coding_bg_2.jpg\u00bb background_blend=\u00bboverlay\u00bb custom_margin=\u00bb0px|||\u00bb][et_pb_row make_equal=\u00bbon\u00bb custom_padding_last_edited=\u00bbon|desktop\u00bb _builder_version=\u00bb3.25&#8243; custom_padding_tablet=\u00bb35%|||\u00bb custom_padding_phone=\u00bb\u00bb][et_pb_column type=\u00bb4_4&#8243; _builder_version=\u00bb3.25&#8243; custom_padding=\u00bb|||\u00bb custom_padding__hover=\u00bb|||\u00bb][et_pb_text _builder_version=\u00bb4.5.3&#8243; text_font=\u00bb|||||on|||\u00bb header_font=\u00bb|800||||on|||\u00bb header_text_align=\u00bbcenter\u00bb header_text_color=\u00bb#3f5320&#8243; hover_enabled=\u00bb0&#8243; header_text_shadow_style=\u00bbpreset2&#8243;]<\/p>\n<h1>Seguridad<\/h1>\n<p>[\/et_pb_text][et_pb_text _builder_version=\u00bb4.5.3&#8243; text_font=\u00bb|||||on|||\u00bb text_orientation=\u00bbjustified\u00bb module_alignment=\u00bbleft\u00bb hover_enabled=\u00bb0&#8243;]<\/p>\n<p>Las siguientes caracter\u00edsticas contribuyen a la seguridad del sistema ETT y la instituci\u00f3n que lo utiliza:<\/p>\n<ul>\n<li>Verificaci\u00f3n de correo electr\u00f3nico de usuarios.<\/li>\n<li>Proceso de recuperaci\u00f3n de contrase\u00f1a moderado.<\/li>\n<li>Autenticaci\u00f3n de m\u00faltiples factores.<\/li>\n<li>Limitaci\u00f3n de IP.<\/li>\n<li>Procesamiento manual y por lotes de pagos entrantes y salientes.<\/li>\n<li>Conciliaci\u00f3n de devoluciones y retiros.<\/li>\n<li>Detecci\u00f3n de entradas duplicadas.<\/li>\n<li>Disparadores de base de datos para garantizar la integridad.<\/li>\n<li>Registro de auditor\u00eda de operaciones del personal de Back Office.<\/li>\n<li>Conciliaci\u00f3n de fondos de clientes, ganancias y p\u00e9rdidas y activos l\u00edquidos.<\/li>\n<li>Niveles de riesgo.<\/li>\n<li>Cumplimiento en solicitudes de clientes, transferencias entrantes y salientes.<\/li>\n<li>Notas internas.<\/li>\n<\/ul>\n<div style=\"color: #538135; font-weight: bold;\">Verificaci\u00f3n de correo electr\u00f3nico de usuarios<\/div>\n<hr \/>\n<p>Adem\u00e1s del soporte de procesos para determinar la identidad y ubicaci\u00f3n de los clientes que solicitan, el sistema verifica la direcci\u00f3n de correo electr\u00f3nico de los usuarios para asegurar que la instituci\u00f3n financiera pueda contactarlos.<\/p>\n<div style=\"color: #538135; font-weight: bold;\">Proceso de recuperaci\u00f3n de contrase\u00f1a moderado<\/div>\n<hr \/>\n<p>No hay un sistema autom\u00e1tico de recuperaci\u00f3n de contrase\u00f1a. Los usuarios deben proporcionar la direcci\u00f3n de correo electr\u00f3nico con la que se registraron para solicitar un restablecimiento de contrase\u00f1a. Para prevenir el phishing, el sistema no proporciona informaci\u00f3n sobre la existencia de la direcci\u00f3n de correo electr\u00f3nico proporcionada. Para prevenir ataques de fuerza bruta, el usuario debe demostrar que es un ser humano al pasar una prueba de &#8216;turing&#8217; (tambi\u00e9n conocida como captcha).<\/p>\n<div style=\"color: #538135; font-weight: bold;\">Autenticaci\u00f3n de m\u00faltiples factores<\/div>\n<hr \/>\n<p>El software ETT admite varias formas de autenticaci\u00f3n de m\u00faltiples factores. Adem\u00e1s del nombre de usuario\/contrase\u00f1a para acceder al sistema, una instituci\u00f3n financiera puede elegir entre contrase\u00f1as de un solo uso basadas en el tiempo (Google Authenticator) o simplemente el c\u00f3digo de autorizaci\u00f3n (una segunda contrase\u00f1a).<\/p>\n<p>El software se puede ampliar con otros proveedores de autenticaci\u00f3n de segundo factor m\u00e1s avanzados, como Authentify o Authy, seg\u00fan sea necesario.<\/p>\n<div style=\"color: #538135; font-weight: bold;\">Limitaci\u00f3n de IP<\/div>\n<hr \/>\n<p>Para prevenir ataques de fuerza bruta a las contrase\u00f1as de los usuarios, el software ETT est\u00e1 configurado para bloquear temporalmente las direcciones IP despu\u00e9s de una serie de intentos fallidos de inicio de sesi\u00f3n.<\/p>\n<div style=\"color: #538135; font-weight: bold;\">Procesamiento manual y por lotes de pagos entrantes y salientes<\/div>\n<hr \/>\n<p>El sistema ETT procesa los pagos entrantes mediante el an\u00e1lisis de archivos de extractos de procesadores de pagos externos. Estos archivos pueden estar en formato CSV, MT940 u otros y dependen del banco correspondiente o del procesador de pagos. Adem\u00e1s, el sistema puede procesar pagos entrantes manualmente, donde el personal ingresa los detalles encontrados en el extracto, como monto, moneda, remitente, fecha, etc.<\/p>\n<p>Para los pagos salientes, el sistema ETT puede manejar el procesamiento manual (en el que el personal de Back Office simplemente indica que un pago fue procesado por un procesador externo y proporciona una referencia) o el procesamiento por lotes. En este \u00faltimo caso, el sistema puede exportar solicitudes de pago en cualquier formato requerido por el banco correspondiente o el procesador de pagos.<\/p>\n<div style=\"color: #538135; font-weight: bold;\">Conciliaci\u00f3n de devoluciones y retiros<\/div>\n<hr \/>\n<p>Cuando el sistema ETT reconoce una devoluci\u00f3n o un retiro en los extractos de un banco correspondiente o procesador de pagos, la transacci\u00f3n original se reconoce autom\u00e1ticamente y se concilia con la nueva mutaci\u00f3n. Las instituciones financieras que utilizan ETT pueden configurar el sistema para aplicar o reembolsar tarifas y notificar a los clientes.<\/p>\n<div style=\"color: #538135; font-weight: bold;\">Detecci\u00f3n de entradas duplicadas<\/div>\n<hr \/>\n<p>El procesamiento de grandes vol\u00famenes de pagos requiere un sistema que evite errores. El sistema ETT reconocer\u00e1 transacciones duplicadas en archivos por lotes para evitar el procesamiento doble.<\/p>\n<div style=\"color: #538135; font-weight: bold;\">Disparadores de base de datos para garantizar la integridad<\/div>\n<hr \/>\n<p>Despu\u00e9s de la contabilizaci\u00f3n de cada transacci\u00f3n, el saldo de la cuenta se recalcula en funci\u00f3n del historial de transacciones para asegurarse de que los montos est\u00e9n siempre actualizados.<\/p>\n<div style=\"color: #538135; font-weight: bold;\">Registro de auditor\u00eda de operaciones del personal de BackOffice<\/div>\n<hr \/>\n<p>Todos los procesos principales en el backoffice se registran en el registro de auditor\u00eda a medida que el personal los lleva a cabo. Esto ayuda a identificar la fuente de una operaci\u00f3n y analizar problemas cuando ocurren. El registro puede ser visto por los usuarios supervisores.<\/p>\n<div style=\"color: #538135; font-weight: bold;\">Conciliaci\u00f3n de fondos de clientes, ganancias y p\u00e9rdidas y activos l\u00edquidos<\/div>\n<hr \/>\n<p>En cualquier momento, el personal del Back Office puede ejecutar una revisi\u00f3n de conciliaci\u00f3n de los activos y pasivos de la instituci\u00f3n financiera. Los activos l\u00edquidos se compensan con los saldos de clientes en cada moneda y se suman en la moneda principal del sistema.<\/p>\n<p>Las variaciones en las tasas de cambio resaltar\u00e1n de inmediato las posiciones de divisas tomadas por la instituci\u00f3n y las ganancias y p\u00e9rdidas se destacar\u00e1n en tiempo real.<\/p>\n<div style=\"color: #538135; font-weight: bold;\">Niveles de riesgo<\/div>\n<hr \/>\n<p>Esta funci\u00f3n permite a las instituciones financieras clasificar a los clientes en niveles de riesgo, otorgando a cada uno un nivel diferente de confianza y vigilancia en las operaciones diarias. Esto asegura que la atenci\u00f3n se centre en las transacciones correctas.<\/p>\n<div style=\"color: #538135; font-weight: bold;\">Cumplimiento en solicitudes de clientes, transferencias entrantes y salientes<\/div>\n<hr \/>\n<p>El m\u00f3dulo de cumplimiento garantiza que la documentaci\u00f3n est\u00e9 en orden para las solicitudes de clientes y, si es necesario, en transacciones. El sistema puede marcar autom\u00e1ticamente las transacciones entrantes seg\u00fan el nivel de riesgo y el volumen.<\/p>\n<p>El sistema abre un di\u00e1logo en el que los clientes y el personal intercambian documentaci\u00f3n hasta que una transferencia est\u00e9 documentada satisfactoriamente.<\/p>\n<div style=\"color: #538135; font-weight: bold;\">Notas internas<\/div>\n<hr \/>\n<p>Las notas internas ayudan a compartir informaci\u00f3n entre el personal sobre clientes, cuentas y transacciones. Tambi\u00e9n se utiliza para mantener un historial de comunicaci\u00f3n con los clientes que de otra manera se perder\u00eda.<\/p>\n<p>&nbsp;<\/p>\n<p>[\/et_pb_text][\/et_pb_column][\/et_pb_row][\/et_pb_section]<\/p>\n","protected":false},"excerpt":{"rendered":"<p>[et_pb_section fb_built=\u00bb1&#8243; _builder_version=\u00bb3.22&#8243; background_color=\u00bbrgba(244,244,244,0.98)\u00bb background_image=\u00bbhttps:\/\/ett-global.com\/wp-content\/uploads\/2017\/11\/coding_bg_2.jpg\u00bb background_blend=\u00bboverlay\u00bb custom_margin=\u00bb0px|||\u00bb][et_pb_row make_equal=\u00bbon\u00bb custom_padding_last_edited=\u00bbon|desktop\u00bb _builder_version=\u00bb3.25&#8243; custom_padding_tablet=\u00bb35%|||\u00bb custom_padding_phone=\u00bb\u00bb][et_pb_column type=\u00bb4_4&#8243; _builder_version=\u00bb3.25&#8243; custom_padding=\u00bb|||\u00bb custom_padding__hover=\u00bb|||\u00bb][et_pb_text _builder_version=\u00bb4.5.3&#8243; text_font=\u00bb|||||on|||\u00bb header_font=\u00bb|800||||on|||\u00bb header_text_align=\u00bbcenter\u00bb header_text_color=\u00bb#3f5320&#8243; hover_enabled=\u00bb0&#8243; header_text_shadow_style=\u00bbpreset2&#8243;] Seguridad [\/et_pb_text][et_pb_text _builder_version=\u00bb4.5.3&#8243; text_font=\u00bb|||||on|||\u00bb text_orientation=\u00bbjustified\u00bb module_alignment=\u00bbleft\u00bb hover_enabled=\u00bb0&#8243;] Las siguientes caracter\u00edsticas contribuyen a la seguridad del sistema ETT y la instituci\u00f3n que lo utiliza: Verificaci\u00f3n de correo electr\u00f3nico de usuarios. Proceso de recuperaci\u00f3n [&hellip;]<\/p>\n","protected":false},"author":4,"featured_media":0,"parent":0,"menu_order":0,"comment_status":"closed","ping_status":"closed","template":"","meta":{"_et_pb_use_builder":"on","_et_pb_old_content":"<p>[et_pb_section bb_built=\"1\"][et_pb_row][\/et_pb_row][\/et_pb_section]<\/p>","_et_gb_content_width":"","footnotes":"","_locale":"es_ES","_original_post":"122309"},"yoast_head":"<!-- This site is optimized with the Yoast SEO plugin v23.5 - https:\/\/yoast.com\/wordpress\/plugins\/seo\/ -->\n<title>Seguridad - E-Transfer Technologies<\/title>\n<meta name=\"description\" content=\"Are you looking to partner with a fintech expert with a proven track record for delivering the best financial tools? Find out more here!\" \/>\n<meta name=\"robots\" content=\"index, follow, max-snippet:-1, max-image-preview:large, max-video-preview:-1\" \/>\n<link rel=\"canonical\" href=\"https:\/\/ett-global.com\/es\/security\/\" \/>\n<meta property=\"og:locale\" content=\"es_ES\" \/>\n<meta property=\"og:type\" content=\"article\" \/>\n<meta property=\"og:title\" content=\"Seguridad - E-Transfer Technologies\" \/>\n<meta property=\"og:description\" content=\"Are you looking to partner with a fintech expert with a proven track record for delivering the best financial tools? Find out more here!\" \/>\n<meta property=\"og:url\" content=\"https:\/\/ett-global.com\/es\/security\/\" \/>\n<meta property=\"og:site_name\" content=\"E-Transfer Technologies\" \/>\n<meta property=\"article:modified_time\" content=\"2023-12-06T05:19:23+00:00\" \/>\n<meta property=\"og:image\" content=\"https:\/\/ett-global.com\/wp-content\/uploads\/2021\/11\/ETT-Logo.png\" \/>\n\t<meta property=\"og:image:width\" content=\"3862\" \/>\n\t<meta property=\"og:image:height\" content=\"2168\" \/>\n\t<meta property=\"og:image:type\" content=\"image\/png\" \/>\n<meta name=\"twitter:card\" content=\"summary_large_image\" \/>\n<meta name=\"twitter:label1\" content=\"Tiempo de lectura\" \/>\n\t<meta name=\"twitter:data1\" content=\"5 minutos\" \/>\n<script type=\"application\/ld+json\" class=\"yoast-schema-graph\">{\"@context\":\"https:\/\/schema.org\",\"@graph\":[{\"@type\":\"WebPage\",\"@id\":\"https:\/\/ett-global.com\/es\/security\/\",\"url\":\"https:\/\/ett-global.com\/es\/security\/\",\"name\":\"Seguridad - E-Transfer Technologies\",\"isPartOf\":{\"@id\":\"https:\/\/ett-global.com\/#website\"},\"datePublished\":\"2023-12-06T05:02:08+00:00\",\"dateModified\":\"2023-12-06T05:19:23+00:00\",\"description\":\"Are you looking to partner with a fintech expert with a proven track record for delivering the best financial tools? Find out more here!\",\"breadcrumb\":{\"@id\":\"https:\/\/ett-global.com\/es\/security\/#breadcrumb\"},\"inLanguage\":\"es\",\"potentialAction\":[{\"@type\":\"ReadAction\",\"target\":[\"https:\/\/ett-global.com\/es\/security\/\"]}]},{\"@type\":\"BreadcrumbList\",\"@id\":\"https:\/\/ett-global.com\/es\/security\/#breadcrumb\",\"itemListElement\":[{\"@type\":\"ListItem\",\"position\":1,\"name\":\"Home\",\"item\":\"https:\/\/ett-global.com\/es\/\"},{\"@type\":\"ListItem\",\"position\":2,\"name\":\"Seguridad\"}]},{\"@type\":\"WebSite\",\"@id\":\"https:\/\/ett-global.com\/#website\",\"url\":\"https:\/\/ett-global.com\/\",\"name\":\"E-Transfer Technologies\",\"description\":\"Otro sitio realizado con WordPress\",\"publisher\":{\"@id\":\"https:\/\/ett-global.com\/#organization\"},\"alternateName\":\"ETT Global\",\"potentialAction\":[{\"@type\":\"SearchAction\",\"target\":{\"@type\":\"EntryPoint\",\"urlTemplate\":\"https:\/\/ett-global.com\/?s={search_term_string}\"},\"query-input\":{\"@type\":\"PropertyValueSpecification\",\"valueRequired\":true,\"valueName\":\"search_term_string\"}}],\"inLanguage\":\"es\"},{\"@type\":\"Organization\",\"@id\":\"https:\/\/ett-global.com\/#organization\",\"name\":\"E-Transfer Technologies\",\"alternateName\":\"ETT Global\",\"url\":\"https:\/\/ett-global.com\/\",\"logo\":{\"@type\":\"ImageObject\",\"inLanguage\":\"es\",\"@id\":\"https:\/\/ett-global.com\/#\/schema\/logo\/image\/\",\"url\":\"https:\/\/ett-global.com\/wp-content\/uploads\/2021\/11\/cropped-Icon.png\",\"contentUrl\":\"https:\/\/ett-global.com\/wp-content\/uploads\/2021\/11\/cropped-Icon.png\",\"width\":512,\"height\":512,\"caption\":\"E-Transfer Technologies\"},\"image\":{\"@id\":\"https:\/\/ett-global.com\/#\/schema\/logo\/image\/\"}}]}<\/script>\n<!-- \/ Yoast SEO plugin. -->","yoast_head_json":{"title":"Seguridad - E-Transfer Technologies","description":"Are you looking to partner with a fintech expert with a proven track record for delivering the best financial tools? Find out more here!","robots":{"index":"index","follow":"follow","max-snippet":"max-snippet:-1","max-image-preview":"max-image-preview:large","max-video-preview":"max-video-preview:-1"},"canonical":"https:\/\/ett-global.com\/es\/security\/","og_locale":"es_ES","og_type":"article","og_title":"Seguridad - E-Transfer Technologies","og_description":"Are you looking to partner with a fintech expert with a proven track record for delivering the best financial tools? Find out more here!","og_url":"https:\/\/ett-global.com\/es\/security\/","og_site_name":"E-Transfer Technologies","article_modified_time":"2023-12-06T05:19:23+00:00","og_image":[{"width":3862,"height":2168,"url":"https:\/\/ett-global.com\/wp-content\/uploads\/2021\/11\/ETT-Logo.png","type":"image\/png"}],"twitter_card":"summary_large_image","twitter_misc":{"Tiempo de lectura":"5 minutos"},"schema":{"@context":"https:\/\/schema.org","@graph":[{"@type":"WebPage","@id":"https:\/\/ett-global.com\/es\/security\/","url":"https:\/\/ett-global.com\/es\/security\/","name":"Seguridad - E-Transfer Technologies","isPartOf":{"@id":"https:\/\/ett-global.com\/#website"},"datePublished":"2023-12-06T05:02:08+00:00","dateModified":"2023-12-06T05:19:23+00:00","description":"Are you looking to partner with a fintech expert with a proven track record for delivering the best financial tools? Find out more here!","breadcrumb":{"@id":"https:\/\/ett-global.com\/es\/security\/#breadcrumb"},"inLanguage":"es","potentialAction":[{"@type":"ReadAction","target":["https:\/\/ett-global.com\/es\/security\/"]}]},{"@type":"BreadcrumbList","@id":"https:\/\/ett-global.com\/es\/security\/#breadcrumb","itemListElement":[{"@type":"ListItem","position":1,"name":"Home","item":"https:\/\/ett-global.com\/es\/"},{"@type":"ListItem","position":2,"name":"Seguridad"}]},{"@type":"WebSite","@id":"https:\/\/ett-global.com\/#website","url":"https:\/\/ett-global.com\/","name":"E-Transfer Technologies","description":"Otro sitio realizado con WordPress","publisher":{"@id":"https:\/\/ett-global.com\/#organization"},"alternateName":"ETT Global","potentialAction":[{"@type":"SearchAction","target":{"@type":"EntryPoint","urlTemplate":"https:\/\/ett-global.com\/?s={search_term_string}"},"query-input":{"@type":"PropertyValueSpecification","valueRequired":true,"valueName":"search_term_string"}}],"inLanguage":"es"},{"@type":"Organization","@id":"https:\/\/ett-global.com\/#organization","name":"E-Transfer Technologies","alternateName":"ETT Global","url":"https:\/\/ett-global.com\/","logo":{"@type":"ImageObject","inLanguage":"es","@id":"https:\/\/ett-global.com\/#\/schema\/logo\/image\/","url":"https:\/\/ett-global.com\/wp-content\/uploads\/2021\/11\/cropped-Icon.png","contentUrl":"https:\/\/ett-global.com\/wp-content\/uploads\/2021\/11\/cropped-Icon.png","width":512,"height":512,"caption":"E-Transfer Technologies"},"image":{"@id":"https:\/\/ett-global.com\/#\/schema\/logo\/image\/"}}]}},"_links":{"self":[{"href":"https:\/\/ett-global.com\/wp-json\/wp\/v2\/pages\/123132"}],"collection":[{"href":"https:\/\/ett-global.com\/wp-json\/wp\/v2\/pages"}],"about":[{"href":"https:\/\/ett-global.com\/wp-json\/wp\/v2\/types\/page"}],"author":[{"embeddable":true,"href":"https:\/\/ett-global.com\/wp-json\/wp\/v2\/users\/4"}],"replies":[{"embeddable":true,"href":"https:\/\/ett-global.com\/wp-json\/wp\/v2\/comments?post=123132"}],"version-history":[{"count":3,"href":"https:\/\/ett-global.com\/wp-json\/wp\/v2\/pages\/123132\/revisions"}],"predecessor-version":[{"id":123136,"href":"https:\/\/ett-global.com\/wp-json\/wp\/v2\/pages\/123132\/revisions\/123136"}],"wp:attachment":[{"href":"https:\/\/ett-global.com\/wp-json\/wp\/v2\/media?parent=123132"}],"curies":[{"name":"wp","href":"https:\/\/api.w.org\/{rel}","templated":true}]}}