{"id":123143,"date":"2023-12-06T05:38:22","date_gmt":"2023-12-06T05:38:22","guid":{"rendered":"https:\/\/ett-global.com\/?page_id=123143"},"modified":"2024-03-26T12:02:49","modified_gmt":"2024-03-26T12:02:49","slug":"a-quienes-servimos","status":"publish","type":"page","link":"https:\/\/ett-global.com\/es\/a-quienes-servimos\/","title":{"rendered":"\u00bfA qui\u00e9nes servimos?"},"content":{"rendered":"<p>[et_pb_section fb_built=\u00bb1&#8243; _builder_version=\u00bb4.5.3&#8243; _module_preset=\u00bbdefault\u00bb custom_padding=\u00bb||0px|||\u00bb][et_pb_row _builder_version=\u00bb4.5.3&#8243; _module_preset=\u00bbdefault\u00bb][et_pb_column type=\u00bb4_4&#8243; _builder_version=\u00bb4.5.3&#8243; _module_preset=\u00bbdefault\u00bb][et_pb_text _builder_version=\u00bb4.5.3&#8243; text_font=\u00bb|700||||on|||\u00bb text_text_color=\u00bb#538135&#8243; text_font_size=\u00bb23px\u00bb header_font=\u00bb|800||||on|||\u00bb header_text_align=\u00bbcenter\u00bb header_text_color=\u00bb#3f5320&#8243; text_orientation=\u00bbcenter\u00bb header_text_shadow_style=\u00bbpreset2&#8243; locked=\u00bboff\u00bb]<\/p>\n<p style=\"color: #3f5320 !important; text-align: center; text-shadow: 0.08em 0.08em 0.08em rgba(0,0,0,0.4); font-weight: 800;\"><strong>ETT permite a la pr\u00f3xima generaci\u00f3n de Instituciones Financieras y Gestores de Tresorer\u00eda construir plataformas de pagos transfronterizos con funcionalidades de cambio de divisas y Gesti\u00f3n de Activos Digitales, manteniendo al mismo tiempo un control total sobre la experiencia del usuario y preservando la libertad de elecci\u00f3n entre bancos y otros proveedores de liquidez.<br \/> <\/strong><\/p>\n<p>[\/et_pb_text][\/et_pb_column][\/et_pb_row][et_pb_row _builder_version=\u00bb4.5.3&#8243; _module_preset=\u00bbdefault\u00bb custom_padding=\u00bb0px|||||\u00bb][et_pb_column type=\u00bb4_4&#8243; _builder_version=\u00bb4.5.3&#8243; _module_preset=\u00bbdefault\u00bb][et_pb_text _builder_version=\u00bb4.5.3&#8243; text_font=\u00bb|||||on|||\u00bb text_font_size=\u00bb26px\u00bb header_font=\u00bb|800||||on|||\u00bb header_text_align=\u00bbcenter\u00bb header_text_color=\u00bb#3f5320&#8243; text_orientation=\u00bbcenter\u00bb custom_margin=\u00bb18px|||||\u00bb custom_padding=\u00bb14px|||||\u00bb header_text_shadow_style=\u00bbpreset2&#8243; locked=\u00bboff\u00bb]<\/p>\n<p style=\"text-align: left;\"><span style=\"color: #000000;\"><strong>\u00bfA qui\u00e9nes servimos?<\/strong><\/span><\/p>\n<p>[\/et_pb_text][\/et_pb_column][\/et_pb_row][et_pb_row column_structure=\u00bb1_2,1_2&#8243; _builder_version=\u00bb4.5.3&#8243; _module_preset=\u00bbdefault\u00bb min_height=\u00bb202.9px\u00bb custom_margin=\u00bb-2px|auto||auto||\u00bb custom_padding=\u00bb0px|||||\u00bb][et_pb_column type=\u00bb1_2&#8243; _builder_version=\u00bb4.5.3&#8243; _module_preset=\u00bbdefault\u00bb][et_pb_text _builder_version=\u00bb4.5.3&#8243; text_font=\u00bb|700||||on|||\u00bb text_text_color=\u00bb#3f5320&#8243; text_font_size=\u00bb20px\u00bb text_letter_spacing=\u00bb1px\u00bb text_line_height=\u00bb1.8em\u00bb text_orientation=\u00bbright\u00bb module_alignment=\u00bbleft\u00bb custom_margin=\u00bb20px||0px|||\u00bb custom_padding=\u00bb|31px||||\u00bb locked=\u00bboff\u00bb]<\/p>\n<ul>\n<li style=\"text-align: left; font-weight: 500; color: #00000;\"><span style=\"color: #000000;\">Entidad de dinero electr\u00f3nico (EDE)<\/span><\/li>\n<li style=\"text-align: left; font-weight: 500; color: #00000;\"><span style=\"color: #000000;\">Proveedores de servicios de pago (PSP)<\/span><\/li>\n<li style=\"text-align: left; font-weight: 500; color: #00000;\"><span style=\"color: #000000;\">Peque\u00f1os bancos y otras instituciones receptoras de dep\u00f3sitos<\/span><\/li>\n<li style=\"text-align: left; font-weight: 500; color: #00000;\"><span style=\"color: #000000;\">Empresas de transferencia de dinero (ETD)<\/span><\/li>\n<li style=\"text-align: left; font-weight: 500; color: #00000;\"><span style=\"color: #000000;\">Proveedores de servicios de remesas<\/span><\/li>\n<\/ul>\n<p>[\/et_pb_text][\/et_pb_column][et_pb_column type=\u00bb1_2&#8243; _builder_version=\u00bb4.5.3&#8243; _module_preset=\u00bbdefault\u00bb][et_pb_text _builder_version=\u00bb4.5.3&#8243; text_font=\u00bb|700||||on|||\u00bb text_text_color=\u00bb#3f5320&#8243; text_font_size=\u00bb20px\u00bb text_letter_spacing=\u00bb1px\u00bb text_orientation=\u00bbright\u00bb module_alignment=\u00bbleft\u00bb custom_margin=\u00bb19px||0px|||\u00bb custom_padding=\u00bb|31px||||\u00bb locked=\u00bboff\u00bb]<\/p>\n<ul>\n<li style=\"text-align: left; font-weight: 500; color: #00000;\"><span style=\"color: #000000;\">Grupos de comercio internacional<\/span><\/li>\n<li style=\"text-align: left; font-weight: 500; color: #00000;\"><span style=\"color: #000000;\">Proveedores de billetera electr\u00f3nica<\/span><\/li>\n<li style=\"text-align: left; font-weight: 500; color: #00000;\"><span style=\"color: #000000;\">Proveedores de tecnolog\u00eda blockchain (DLT)<\/span><\/li>\n<li style=\"text-align: left; font-weight: 500; color: #00000;\"><span style=\"color: #000000;\">Plataforma de intercambios de criptomonedas<\/span><\/li>\n<li style=\"text-align: left; font-weight: 500; color: #00000;\"><span style=\"color: #000000;\">Operador de divisas (FX)<\/span><\/li>\n<\/ul>\n<p>[\/et_pb_text][\/et_pb_column][\/et_pb_row][\/et_pb_section][et_pb_section fb_built=\u00bb1&#8243; _builder_version=\u00bb3.22&#8243; background_color=\u00bbrgba(156,199,32,0.69)\u00bb background_image=\u00bbhttps:\/\/ett-global.com\/wp-content\/uploads\/2018\/02\/modules.jpg\u00bb background_blend=\u00bbluminosity\u00bb custom_css_main_element=\u00bbz-index: 0;\u00bb locked=\u00bboff\u00bb][et_pb_row _builder_version=\u00bb4.5.3&#8243; _module_preset=\u00bbdefault\u00bb custom_padding=\u00bb0px|||||\u00bb][et_pb_column type=\u00bb4_4&#8243; _builder_version=\u00bb4.5.3&#8243; _module_preset=\u00bbdefault\u00bb][et_pb_text _builder_version=\u00bb4.5.3&#8243; text_font=\u00bb|||||on|||\u00bb text_font_size=\u00bb36px\u00bb header_font=\u00bb|800||||on|||\u00bb header_text_align=\u00bbcenter\u00bb header_text_color=\u00bb#3f5320&#8243; text_orientation=\u00bbcenter\u00bb header_text_shadow_style=\u00bbpreset2&#8243; locked=\u00bboff\u00bb]<\/p>\n<p><span style=\"color: #ffffff;\"><strong>Casos de Uso<\/strong><\/span><\/p>\n<p>[\/et_pb_text][\/et_pb_column][\/et_pb_row][et_pb_row column_structure=\u00bb1_3,1_3,1_3&#8243; _builder_version=\u00bb4.5.3&#8243; _module_preset=\u00bbdefault\u00bb min_height=\u00bb662px\u00bb][et_pb_column type=\u00bb1_3&#8243; _builder_version=\u00bb4.5.3&#8243; _module_preset=\u00bbdefault\u00bb][et_pb_text module_class=\u00bbuse-case-box-es\u00bb _builder_version=\u00bb4.5.3&#8243; _module_preset=\u00bbdefault\u00bb background_color=\u00bb#ffffff\u00bb height=\u00bb640px\u00bb custom_padding=\u00bb20px|20px|20px|20px|false|false\u00bb hover_enabled=\u00bb0&#8243; border_radii=\u00bbon|20px|20px|20px|20px\u00bb box_shadow_style=\u00bbpreset1&#8243;]<\/p>\n<p style=\"text-align: left;\" data-o-mail-quote=\"1\"><span lang=\"FR-CH\" data-o-mail-quote=\"1\"><span data-o-mail-quote=\"1\"><span style=\"font-size: large;\" data-o-mail-quote=\"1\"><b data-o-mail-quote=\"1\"> Gesti\u00f3n de Activos Digitales &#8211; Mitigaci\u00f3n de Volatilidad<\/b><\/span><\/span><\/span><\/p>\n<p>Un PSP que actualmente presta servicios a comerciantes ha comenzado a aceptar criptomonedas y desea independizarse de terceros, aumentar la rentabilidad y ampliar el alcance de su negocio.<\/p>\n<p>Utilizando el Sistema de Gesti\u00f3n de Activos Digitales de ETT, la empresa puede custodiar la cantidad de criptomonedas principales que necesita para el comercio diario sin recurrir a un tercero. Utilizando la funci\u00f3n de Conciliaci\u00f3n de ETT, puede mitigar el riesgo de volatilidad a niveles predefinidos, eliminando tarifas innecesarias y minimizando el riesgo de demora o incumplimiento de terceros.<\/p>\n<p>Adem\u00e1s, sus clientes pueden mitigar su riesgo de inmediato realizando transacciones virtuales que ocurren a velocidad electr\u00f3nica.<\/p>\n<p>[\/et_pb_text][\/et_pb_column][et_pb_column type=\u00bb1_3&#8243; _builder_version=\u00bb4.5.3&#8243; _module_preset=\u00bbdefault\u00bb][et_pb_text module_class=\u00bbuse-case-box-es\u00bb _builder_version=\u00bb4.5.3&#8243; _module_preset=\u00bbdefault\u00bb background_color=\u00bb#ffffff\u00bb height=\u00bb640px\u00bb custom_padding=\u00bb20px|20px|20px|20px|false|false\u00bb hover_enabled=\u00bb0&#8243; border_radii=\u00bbon|20px|20px|20px|20px\u00bb box_shadow_style=\u00bbpreset1&#8243;]<\/p>\n<p style=\"text-align: left;\" data-o-mail-quote=\"1\"><span lang=\"FR-CH\" data-o-mail-quote=\"1\"><span data-o-mail-quote=\"1\"><span style=\"font-size: large;\" data-o-mail-quote=\"1\"><b data-o-mail-quote=\"1\">Transici\u00f3n a la condici\u00f3n de EDE<\/b><\/span><\/span><\/span><\/p>\n<p>Un PSP que desea convertirse en una EDE necesita poder gestionar sub-marcas y ofrecer soluciones de etiqueta blanca a sus clientes junto con IBANs din\u00e1micos, para lo cual actualmente solo tiene un proveedor.<\/p>\n<p>Para justificar los mayores requisitos de capital, debe poder demostrar a sus accionistas que no depende \u00fanicamente de un proveedor de liquidez dada la totalidad de los riesgos que eso implica. El software de ETT les permite utilizar m\u00faltiples proveedores de liquidez y divisas, y estos servicios pueden ofrecerse a sus sub-marcas.<\/p>\n<p>Adem\u00e1s, la capacidad de elegir fuentes de cambio de divisas les permite convertirse en creadores de mercado en el mercado de divisas.<\/p>\n<p>[\/et_pb_text][\/et_pb_column][et_pb_column type=\u00bb1_3&#8243; _builder_version=\u00bb4.5.3&#8243; _module_preset=\u00bbdefault\u00bb][et_pb_text module_class=\u00bbuse-case-box-es\u00bb _builder_version=\u00bb4.5.3&#8243; _module_preset=\u00bbdefault\u00bb background_color=\u00bb#ffffff\u00bb height=\u00bb640px\u00bb custom_padding=\u00bb20px|20px|20px|20px|false|false\u00bb hover_enabled=\u00bb0&#8243; border_radii=\u00bbon|20px|20px|20px|20px\u00bb box_shadow_style=\u00bbpreset1&#8243;]<\/p>\n<p style=\"text-align: left;\" data-o-mail-quote=\"1\"><span style=\"font-size: large;\" data-o-mail-quote=\"1\"><b data-o-mail-quote=\"1\"><span lang=\"FR-CH\" data-o-mail-quote=\"1\">De FX a PSP Global<\/span><\/b><\/span><\/p>\n<p>Un servicio de cambio de divisas desea expandirse a pagos internacionales como una fuente adicional de ingresos y agregar criptomonedas directamente a su lista de pares de divisas.<\/p>\n<p>La plataforma de ETT con su Sistema de Gesti\u00f3n de Activos Digitales les permite realizar transacciones virtuales a velocidad electr\u00f3nica, mantener la custodia temporal de monedas, incluidas las criptomonedas principales y las stablecoins, y proporcionar servicios de pago a sus clientes.<\/p>\n<p>Adem\u00e1s, la conciliaci\u00f3n les proporciona un conocimiento inmediato de sus posiciones en todas las piscinas de liquidez y divisas.<\/p>\n<p>[\/et_pb_text][\/et_pb_column][\/et_pb_row][et_pb_row _builder_version=\u00bb4.5.3&#8243; _module_preset=\u00bbdefault\u00bb custom_margin=\u00bb-103px|auto||auto||\u00bb][et_pb_column type=\u00bb4_4&#8243; _builder_version=\u00bb4.5.3&#8243; _module_preset=\u00bbdefault\u00bb][et_pb_text _builder_version=\u00bb4.5.3&#8243; _module_preset=\u00bbdefault\u00bb custom_margin=\u00bb28px|||||\u00bb]<\/p>\n<p style=\"text-align: center; color: #ffff; font-weight: bold; font-size: 22px;\">\u00a1M\u00e1s ingresos, m\u00e1s independencia, m\u00e1s flexibilidad, un mercado m\u00e1s amplio!<\/p>\n<p>[\/et_pb_text][\/et_pb_column][\/et_pb_row][\/et_pb_section]<\/p>\n","protected":false},"excerpt":{"rendered":"<p>[et_pb_section fb_built=\u00bb1&#8243; _builder_version=\u00bb4.5.3&#8243; _module_preset=\u00bbdefault\u00bb custom_padding=\u00bb||0px|||\u00bb][et_pb_row _builder_version=\u00bb4.5.3&#8243; _module_preset=\u00bbdefault\u00bb][et_pb_column type=\u00bb4_4&#8243; _builder_version=\u00bb4.5.3&#8243; _module_preset=\u00bbdefault\u00bb][et_pb_text _builder_version=\u00bb4.5.3&#8243; text_font=\u00bb|700||||on|||\u00bb text_text_color=\u00bb#538135&#8243; text_font_size=\u00bb23px\u00bb header_font=\u00bb|800||||on|||\u00bb header_text_align=\u00bbcenter\u00bb header_text_color=\u00bb#3f5320&#8243; text_orientation=\u00bbcenter\u00bb header_text_shadow_style=\u00bbpreset2&#8243; locked=\u00bboff\u00bb] ETT permite a la pr\u00f3xima generaci\u00f3n de Instituciones Financieras y Gestores de Tresorer\u00eda construir plataformas de pagos transfronterizos con funcionalidades de cambio de divisas y Gesti\u00f3n de Activos Digitales, manteniendo al mismo tiempo un control [&hellip;]<\/p>\n","protected":false},"author":4,"featured_media":0,"parent":0,"menu_order":0,"comment_status":"closed","ping_status":"closed","template":"","meta":{"_et_pb_use_builder":"on","_et_pb_old_content":"","_et_gb_content_width":"","footnotes":"","_locale":"es_ES","_original_post":"https:\/\/ett-global.com\/?page_id=122982"},"yoast_head":"<!-- This site is optimized with the Yoast SEO plugin v23.5 - https:\/\/yoast.com\/wordpress\/plugins\/seo\/ -->\n<title>\u00bfA qui\u00e9nes servimos? - E-Transfer Technologies<\/title>\n<meta name=\"robots\" content=\"index, follow, max-snippet:-1, max-image-preview:large, max-video-preview:-1\" \/>\n<link rel=\"canonical\" href=\"https:\/\/ett-global.com\/es\/a-quienes-servimos\/\" \/>\n<meta property=\"og:locale\" content=\"es_ES\" \/>\n<meta property=\"og:type\" content=\"article\" \/>\n<meta property=\"og:title\" content=\"\u00bfA qui\u00e9nes servimos? - E-Transfer Technologies\" \/>\n<meta property=\"og:description\" content=\"[et_pb_section fb_built=\u00bb1&#8243; _builder_version=\u00bb4.5.3&#8243; _module_preset=\u00bbdefault\u00bb custom_padding=\u00bb||0px|||\u00bb][et_pb_row _builder_version=\u00bb4.5.3&#8243; _module_preset=\u00bbdefault\u00bb][et_pb_column type=\u00bb4_4&#8243; _builder_version=\u00bb4.5.3&#8243; _module_preset=\u00bbdefault\u00bb][et_pb_text _builder_version=\u00bb4.5.3&#8243; text_font=\u00bb|700||||on|||\u00bb text_text_color=\u00bb#538135&#8243; text_font_size=\u00bb23px\u00bb header_font=\u00bb|800||||on|||\u00bb header_text_align=\u00bbcenter\u00bb header_text_color=\u00bb#3f5320&#8243; text_orientation=\u00bbcenter\u00bb header_text_shadow_style=\u00bbpreset2&#8243; locked=\u00bboff\u00bb] ETT permite a la pr\u00f3xima generaci\u00f3n de Instituciones Financieras y Gestores de Tresorer\u00eda construir plataformas de pagos transfronterizos con funcionalidades de cambio de divisas y Gesti\u00f3n de Activos Digitales, manteniendo al mismo tiempo un control [&hellip;]\" \/>\n<meta property=\"og:url\" content=\"https:\/\/ett-global.com\/es\/a-quienes-servimos\/\" \/>\n<meta property=\"og:site_name\" content=\"E-Transfer Technologies\" \/>\n<meta property=\"article:modified_time\" content=\"2024-03-26T12:02:49+00:00\" \/>\n<meta property=\"og:image\" content=\"https:\/\/ett-global.com\/wp-content\/uploads\/2021\/11\/ETT-Logo.png\" \/>\n\t<meta property=\"og:image:width\" content=\"3862\" \/>\n\t<meta property=\"og:image:height\" content=\"2168\" \/>\n\t<meta property=\"og:image:type\" content=\"image\/png\" \/>\n<meta name=\"twitter:card\" content=\"summary_large_image\" \/>\n<meta name=\"twitter:label1\" content=\"Tiempo de lectura\" \/>\n\t<meta name=\"twitter:data1\" content=\"5 minutos\" \/>\n<script type=\"application\/ld+json\" class=\"yoast-schema-graph\">{\"@context\":\"https:\/\/schema.org\",\"@graph\":[{\"@type\":\"WebPage\",\"@id\":\"https:\/\/ett-global.com\/es\/a-quienes-servimos\/\",\"url\":\"https:\/\/ett-global.com\/es\/a-quienes-servimos\/\",\"name\":\"\u00bfA qui\u00e9nes servimos? - E-Transfer Technologies\",\"isPartOf\":{\"@id\":\"https:\/\/ett-global.com\/#website\"},\"datePublished\":\"2023-12-06T05:38:22+00:00\",\"dateModified\":\"2024-03-26T12:02:49+00:00\",\"breadcrumb\":{\"@id\":\"https:\/\/ett-global.com\/es\/a-quienes-servimos\/#breadcrumb\"},\"inLanguage\":\"es\",\"potentialAction\":[{\"@type\":\"ReadAction\",\"target\":[\"https:\/\/ett-global.com\/es\/a-quienes-servimos\/\"]}]},{\"@type\":\"BreadcrumbList\",\"@id\":\"https:\/\/ett-global.com\/es\/a-quienes-servimos\/#breadcrumb\",\"itemListElement\":[{\"@type\":\"ListItem\",\"position\":1,\"name\":\"Home\",\"item\":\"https:\/\/ett-global.com\/es\/\"},{\"@type\":\"ListItem\",\"position\":2,\"name\":\"\u00bfA qui\u00e9nes servimos?\"}]},{\"@type\":\"WebSite\",\"@id\":\"https:\/\/ett-global.com\/#website\",\"url\":\"https:\/\/ett-global.com\/\",\"name\":\"E-Transfer Technologies\",\"description\":\"Otro sitio realizado con WordPress\",\"publisher\":{\"@id\":\"https:\/\/ett-global.com\/#organization\"},\"alternateName\":\"ETT Global\",\"potentialAction\":[{\"@type\":\"SearchAction\",\"target\":{\"@type\":\"EntryPoint\",\"urlTemplate\":\"https:\/\/ett-global.com\/?s={search_term_string}\"},\"query-input\":{\"@type\":\"PropertyValueSpecification\",\"valueRequired\":true,\"valueName\":\"search_term_string\"}}],\"inLanguage\":\"es\"},{\"@type\":\"Organization\",\"@id\":\"https:\/\/ett-global.com\/#organization\",\"name\":\"E-Transfer Technologies\",\"alternateName\":\"ETT Global\",\"url\":\"https:\/\/ett-global.com\/\",\"logo\":{\"@type\":\"ImageObject\",\"inLanguage\":\"es\",\"@id\":\"https:\/\/ett-global.com\/#\/schema\/logo\/image\/\",\"url\":\"https:\/\/ett-global.com\/wp-content\/uploads\/2021\/11\/cropped-Icon.png\",\"contentUrl\":\"https:\/\/ett-global.com\/wp-content\/uploads\/2021\/11\/cropped-Icon.png\",\"width\":512,\"height\":512,\"caption\":\"E-Transfer Technologies\"},\"image\":{\"@id\":\"https:\/\/ett-global.com\/#\/schema\/logo\/image\/\"}}]}<\/script>\n<!-- \/ Yoast SEO plugin. -->","yoast_head_json":{"title":"\u00bfA qui\u00e9nes servimos? - E-Transfer Technologies","robots":{"index":"index","follow":"follow","max-snippet":"max-snippet:-1","max-image-preview":"max-image-preview:large","max-video-preview":"max-video-preview:-1"},"canonical":"https:\/\/ett-global.com\/es\/a-quienes-servimos\/","og_locale":"es_ES","og_type":"article","og_title":"\u00bfA qui\u00e9nes servimos? - E-Transfer Technologies","og_description":"[et_pb_section fb_built=\u00bb1&#8243; _builder_version=\u00bb4.5.3&#8243; _module_preset=\u00bbdefault\u00bb custom_padding=\u00bb||0px|||\u00bb][et_pb_row _builder_version=\u00bb4.5.3&#8243; _module_preset=\u00bbdefault\u00bb][et_pb_column type=\u00bb4_4&#8243; _builder_version=\u00bb4.5.3&#8243; _module_preset=\u00bbdefault\u00bb][et_pb_text _builder_version=\u00bb4.5.3&#8243; text_font=\u00bb|700||||on|||\u00bb text_text_color=\u00bb#538135&#8243; text_font_size=\u00bb23px\u00bb header_font=\u00bb|800||||on|||\u00bb header_text_align=\u00bbcenter\u00bb header_text_color=\u00bb#3f5320&#8243; text_orientation=\u00bbcenter\u00bb header_text_shadow_style=\u00bbpreset2&#8243; locked=\u00bboff\u00bb] ETT permite a la pr\u00f3xima generaci\u00f3n de Instituciones Financieras y Gestores de Tresorer\u00eda construir plataformas de pagos transfronterizos con funcionalidades de cambio de divisas y Gesti\u00f3n de Activos Digitales, manteniendo al mismo tiempo un control [&hellip;]","og_url":"https:\/\/ett-global.com\/es\/a-quienes-servimos\/","og_site_name":"E-Transfer Technologies","article_modified_time":"2024-03-26T12:02:49+00:00","og_image":[{"width":3862,"height":2168,"url":"https:\/\/ett-global.com\/wp-content\/uploads\/2021\/11\/ETT-Logo.png","type":"image\/png"}],"twitter_card":"summary_large_image","twitter_misc":{"Tiempo de lectura":"5 minutos"},"schema":{"@context":"https:\/\/schema.org","@graph":[{"@type":"WebPage","@id":"https:\/\/ett-global.com\/es\/a-quienes-servimos\/","url":"https:\/\/ett-global.com\/es\/a-quienes-servimos\/","name":"\u00bfA qui\u00e9nes servimos? - E-Transfer Technologies","isPartOf":{"@id":"https:\/\/ett-global.com\/#website"},"datePublished":"2023-12-06T05:38:22+00:00","dateModified":"2024-03-26T12:02:49+00:00","breadcrumb":{"@id":"https:\/\/ett-global.com\/es\/a-quienes-servimos\/#breadcrumb"},"inLanguage":"es","potentialAction":[{"@type":"ReadAction","target":["https:\/\/ett-global.com\/es\/a-quienes-servimos\/"]}]},{"@type":"BreadcrumbList","@id":"https:\/\/ett-global.com\/es\/a-quienes-servimos\/#breadcrumb","itemListElement":[{"@type":"ListItem","position":1,"name":"Home","item":"https:\/\/ett-global.com\/es\/"},{"@type":"ListItem","position":2,"name":"\u00bfA qui\u00e9nes servimos?"}]},{"@type":"WebSite","@id":"https:\/\/ett-global.com\/#website","url":"https:\/\/ett-global.com\/","name":"E-Transfer Technologies","description":"Otro sitio realizado con WordPress","publisher":{"@id":"https:\/\/ett-global.com\/#organization"},"alternateName":"ETT Global","potentialAction":[{"@type":"SearchAction","target":{"@type":"EntryPoint","urlTemplate":"https:\/\/ett-global.com\/?s={search_term_string}"},"query-input":{"@type":"PropertyValueSpecification","valueRequired":true,"valueName":"search_term_string"}}],"inLanguage":"es"},{"@type":"Organization","@id":"https:\/\/ett-global.com\/#organization","name":"E-Transfer Technologies","alternateName":"ETT Global","url":"https:\/\/ett-global.com\/","logo":{"@type":"ImageObject","inLanguage":"es","@id":"https:\/\/ett-global.com\/#\/schema\/logo\/image\/","url":"https:\/\/ett-global.com\/wp-content\/uploads\/2021\/11\/cropped-Icon.png","contentUrl":"https:\/\/ett-global.com\/wp-content\/uploads\/2021\/11\/cropped-Icon.png","width":512,"height":512,"caption":"E-Transfer Technologies"},"image":{"@id":"https:\/\/ett-global.com\/#\/schema\/logo\/image\/"}}]}},"_links":{"self":[{"href":"https:\/\/ett-global.com\/wp-json\/wp\/v2\/pages\/123143"}],"collection":[{"href":"https:\/\/ett-global.com\/wp-json\/wp\/v2\/pages"}],"about":[{"href":"https:\/\/ett-global.com\/wp-json\/wp\/v2\/types\/page"}],"author":[{"embeddable":true,"href":"https:\/\/ett-global.com\/wp-json\/wp\/v2\/users\/4"}],"replies":[{"embeddable":true,"href":"https:\/\/ett-global.com\/wp-json\/wp\/v2\/comments?post=123143"}],"version-history":[{"count":11,"href":"https:\/\/ett-global.com\/wp-json\/wp\/v2\/pages\/123143\/revisions"}],"predecessor-version":[{"id":123356,"href":"https:\/\/ett-global.com\/wp-json\/wp\/v2\/pages\/123143\/revisions\/123356"}],"wp:attachment":[{"href":"https:\/\/ett-global.com\/wp-json\/wp\/v2\/media?parent=123143"}],"curies":[{"name":"wp","href":"https:\/\/api.w.org\/{rel}","templated":true}]}}