{"id":123154,"date":"2023-12-06T10:47:25","date_gmt":"2023-12-06T10:47:25","guid":{"rendered":"https:\/\/ett-global.com\/?page_id=123154"},"modified":"2024-01-26T06:42:20","modified_gmt":"2024-01-26T06:42:20","slug":"blockchain","status":"publish","type":"page","link":"https:\/\/ett-global.com\/es\/blockchain\/","title":{"rendered":"Blockchain"},"content":{"rendered":"<p>[et_pb_section fb_built=\u00bb1&#8243; _builder_version=\u00bb3.22&#8243; background_color=\u00bbrgba(244,244,244,0.98)\u00bb background_image=\u00bbhttps:\/\/ett-global.com\/wp-content\/uploads\/2017\/11\/coding_bg_2.jpg\u00bb background_blend=\u00bboverlay\u00bb custom_margin=\u00bb0px|||\u00bb][et_pb_row make_equal=\u00bbon\u00bb _builder_version=\u00bb3.25&#8243;][et_pb_column type=\u00bb4_4&#8243; _builder_version=\u00bb3.25&#8243; custom_padding=\u00bb|||\u00bb custom_padding__hover=\u00bb|||\u00bb][et_pb_text _builder_version=\u00bb4.5.3&#8243; text_font=\u00bb|||||on|||\u00bb header_font=\u00bb|800||||on|||\u00bb header_text_align=\u00bbcenter\u00bb header_text_color=\u00bb#3f5320&#8243; custom_padding_tablet=\u00bb35%|||\u00bb custom_padding_phone=\u00bb\u00bb custom_padding_last_edited=\u00bbon|phone\u00bb hover_enabled=\u00bb0&#8243; header_text_shadow_style=\u00bbpreset2&#8243;]<\/p>\n<h1 style=\"text-align: center;\">Sistema De Gesti\u00f3n De Activos Digitales (DAMS) Y Pasarela Blockchain De Ett<\/h1>\n<p>[\/et_pb_text][et_pb_video src=\u00bbhttps:\/\/youtu.be\/4YRL7AQjyP8&#8243; _builder_version=\u00bb3.19.4&#8243;][\/et_pb_video][et_pb_text _builder_version=\u00bb4.5.3&#8243; text_font=\u00bb|||||on|||\u00bb text_orientation=\u00bbjustified\u00bb module_alignment=\u00bbleft\u00bb hover_enabled=\u00bb0&#8243;]<\/p>\n<h2 style=\"color: #538135;\"><strong>Introducci\u00f3n<\/strong><\/h2>\n<p><span>La tarea principal de ETT en el dise\u00f1o de este m\u00f3dulo opcional fue mitigar el riesgo para el cliente de ETT. Riesgos como la volatilidad de la moneda, la seguridad de los activos y el cumplimiento normativo no son nuevos, pero se intensifican considerablemente en el caso de las monedas digitales, ya que el sistema de ETT gestiona la custodia de esos activos de manera independiente y est\u00e1 conectado directamente a la red internacional de liquidaci\u00f3n en lugar de a trav\u00e9s de un tercero como un banco.<\/span><\/p>\n<p><span>El software est\u00e1ndar de ETT es un sistema sofisticado para la gesti\u00f3n de tesorer\u00eda y procesamiento de transacciones, facilitando el intercambio de monedas fiduciarias a nivel de mercado. Se conecta a trav\u00e9s de su oficina central, ya sea de forma manual, mediante procesamiento por lotes o a trav\u00e9s de APIs, con m\u00faltiples procesadores de pago, distribuidores de divisas y bancos simult\u00e1neamente. Proporciona independencia, continuidad de la actividad y libertad de elecci\u00f3n para las instituciones financieras no bancarias, donde el cliente de ETT puede gestionar fondos de liquidez y divisas, incorporar clientes, procesar pagos y dep\u00f3sitos, optimizar conversiones de moneda y generar informes sofisticados.<\/span><\/p>\n<p><span>DAMS y la Pasarela Blockchain ampl\u00edan la funcionalidad de este sistema para admitir monedas digitales. Esta extensi\u00f3n permite a los clientes de ETT mantener f\u00e1cilmente billeteras gestionadas en nombre de sus clientes, procesar pagos y dep\u00f3sitos en monedas digitales y realizar conversiones entre monedas digitales y fiduciarias.<\/span><\/p>\n<h2 style=\"color: #538135;\"><strong>Sistemas de intercambio de activos digitales y gesti\u00f3n de billeteras<\/strong><\/h2>\n<p><span>El sistema est\u00e1ndar de ETT se ha integrado con intercambios de activos digitales a trav\u00e9s de API, pero esto solo ofrece parte de las soluciones que necesitan los clientes de ETT. Los Sistemas de Gesti\u00f3n de Billeteras pueden ampliar esta funcionalidad, pero nuevamente, esto s\u00f3lo proporciona funcionalidad para gestionar billeteras en un sistema remoto, con el riesgo de p\u00e9rdida a cargo de la parte remota.<\/span><\/p>\n<p><span>Los intercambios de activos digitales y los sistemas de gesti\u00f3n de billeteras proporcionan al menos 2 servicios: en primer lugar, abstraen los detalles complejos de las transacciones al leer la <em>Blockchain<\/em> y enviar solicitudes de transacci\u00f3n a la <em>red de mineros<\/em> <em>peer-to-peer (P2P)<\/em>; en segundo lugar, gestionan los activos digitales en nombre de sus clientes. Adem\u00e1s del servicio base, suelen ofrecer servicios para el intercambio o comercio con m\u00e1rgenes de los activos digitales.<\/span><\/p>\n<h2 style=\"color: #538135;\"><strong>Pasarela Blockchain<\/strong><\/h2>\n<p><span>La Pasarela Blockchain proporciona un servicio que cubre la primera parte de las funciones ofrecidas por los intercambios de activos digitales y los sistemas de gesti\u00f3n de billeteras: leer la cadena de bloques y enviar solicitudes de transacci\u00f3n. Adem\u00e1s, monitorea la cadena de bloques a trav\u00e9s de su red de pares en busca de nuevas transacciones, construyendo una copia local del <em>libro mayor<\/em> <em>p\u00fablico <\/em>que registra las transacciones de los fondos digitales gestionados.<\/span><\/p>\n<h2 style=\"color: #538135;\">Sistema de gesti\u00f3n de activos digitales<\/h2>\n<p><span>La segunda parte del servicio que ofrecen los intercambios de activos digitales y los sistemas de gesti\u00f3n de billeteras es la gesti\u00f3n de las claves privadas, que es esencialmente el t\u00edtulo de los activos digitales. ETT ha construido un sistema \u00fanico que permite a sus clientes hacer esto dentro de <em>DAMS<\/em>. Gestiona la clave privada en una billetera, maneja la generaci\u00f3n de direcciones y claves privadas de la <em>Blockchain<\/em> y proporciona una forma para que los usuarios guarden esas claves privadas de manera segura y las sincronicen entre dispositivos.<\/span><\/p>\n<p><span>El prop\u00f3sito es permitir a los clientes de ETT gestionar activos digitales en nombre de sus clientes, de manera similar a como lo hacen con divisas, y facilitar el procesamiento de pagos para esos clientes. Este sistema de software \u00fanico puede ampliarse con servicios de valor a\u00f1adido que deseen ofrecer los clientes de ETT.<\/span><\/p>\n<p><span>Este sistema de gesti\u00f3n de tesorer\u00eda habilitado para la <em>Blockchain<\/em> ha integrado varios componentes:<\/span><\/p>\n<ul style=\"padding-left: 50px;\">\n<li>Gesti\u00f3n de cuentas virtuales<\/li>\n<li>Gesti\u00f3n de tesorer\u00eda (liquidez)<\/li>\n<li>Procesamiento de transferencia y conversi\u00f3n de divisas<\/li>\n<li>Gesti\u00f3n de direcciones de dep\u00f3sito<\/li>\n<li>Gesti\u00f3n de agregaci\u00f3n de transacciones<\/li>\n<li>Gesti\u00f3n de billeteras fr\u00edas\/calientes<\/li>\n<li>Procesamiento de transferencias de Blockchains<\/li>\n<li>Asignaci\u00f3n de dep\u00f3sitos de activos digitales<\/li>\n<li>Integraci\u00f3n de intercambio de activos digitales<\/li>\n<\/ul>\n<p><em><span>DAMS <\/span><\/em><span>permite a los clientes de ETT recibir fondos de manera segura en nombre de sus clientes, resguardar esos activos y permitir a los clientes solicitar transferencias o conversiones de esos fondos. Un sistema as\u00ed debe tener al menos las siguientes caracter\u00edsticas:<\/span><\/p>\n<ul style=\"padding-left: 50px;\">\n<li>Generar nuevas direcciones de la Blockchain y asignarlas a clientes<\/li>\n<li>Asignar dep\u00f3sitos a clientes<\/li>\n<li>Gestionar la colecci\u00f3n de direcciones de la Blockchain<\/li>\n<li>Agregar activos digitales en una billetera caliente<\/li>\n<li>Proporcionar un flujo de trabajo seguro para que el personal mueva fondos de la billetera caliente a la billetera fr\u00eda y viceversa, y para ciclar direcciones\/llaves de billeteras fr\u00edas.<\/li>\n<\/ul>\n<p>&nbsp;<\/p>\n<p>[\/et_pb_text][\/et_pb_column][\/et_pb_row][\/et_pb_section]<\/p>\n","protected":false},"excerpt":{"rendered":"<p>[et_pb_section fb_built=\u00bb1&#8243; _builder_version=\u00bb3.22&#8243; background_color=\u00bbrgba(244,244,244,0.98)\u00bb background_image=\u00bbhttps:\/\/ett-global.com\/wp-content\/uploads\/2017\/11\/coding_bg_2.jpg\u00bb background_blend=\u00bboverlay\u00bb custom_margin=\u00bb0px|||\u00bb][et_pb_row make_equal=\u00bbon\u00bb _builder_version=\u00bb3.25&#8243;][et_pb_column type=\u00bb4_4&#8243; _builder_version=\u00bb3.25&#8243; custom_padding=\u00bb|||\u00bb custom_padding__hover=\u00bb|||\u00bb][et_pb_text _builder_version=\u00bb4.5.3&#8243; text_font=\u00bb|||||on|||\u00bb header_font=\u00bb|800||||on|||\u00bb header_text_align=\u00bbcenter\u00bb header_text_color=\u00bb#3f5320&#8243; custom_padding_tablet=\u00bb35%|||\u00bb custom_padding_phone=\u00bb\u00bb custom_padding_last_edited=\u00bbon|phone\u00bb hover_enabled=\u00bb0&#8243; header_text_shadow_style=\u00bbpreset2&#8243;] Sistema De Gesti\u00f3n De Activos Digitales (DAMS) Y Pasarela Blockchain De Ett [\/et_pb_text][et_pb_video src=\u00bbhttps:\/\/youtu.be\/4YRL7AQjyP8&#8243; _builder_version=\u00bb3.19.4&#8243;][\/et_pb_video][et_pb_text _builder_version=\u00bb4.5.3&#8243; text_font=\u00bb|||||on|||\u00bb text_orientation=\u00bbjustified\u00bb module_alignment=\u00bbleft\u00bb hover_enabled=\u00bb0&#8243;] Introducci\u00f3n La tarea principal de ETT en el dise\u00f1o de este m\u00f3dulo [&hellip;]<\/p>\n","protected":false},"author":4,"featured_media":0,"parent":0,"menu_order":0,"comment_status":"closed","ping_status":"closed","template":"","meta":{"_et_pb_use_builder":"on","_et_pb_old_content":"","_et_gb_content_width":"","footnotes":"","_locale":"es_ES","_original_post":"122237"},"yoast_head":"<!-- This site is optimized with the Yoast SEO plugin v23.5 - https:\/\/yoast.com\/wordpress\/plugins\/seo\/ -->\n<title>Blockchain | VASP | Crypto Banking | Digital Currency Software - ETT<\/title>\n<meta name=\"description\" content=\"Our DAMS service offers digital currency, Virtual Asset Service Provider (VASP), crypto banking software, and Blockchain Gateway. Learn more about the service here!\" \/>\n<meta name=\"robots\" content=\"index, follow, max-snippet:-1, max-image-preview:large, max-video-preview:-1\" \/>\n<link rel=\"canonical\" href=\"https:\/\/ett-global.com\/es\/blockchain\/\" \/>\n<meta property=\"og:locale\" content=\"es_ES\" \/>\n<meta property=\"og:type\" content=\"article\" \/>\n<meta property=\"og:title\" content=\"Blockchain | VASP | Crypto Banking | Digital Currency Software - ETT\" \/>\n<meta property=\"og:description\" content=\"Our DAMS service offers digital currency, Virtual Asset Service Provider (VASP), crypto banking software, and Blockchain Gateway. Learn more about the service here!\" \/>\n<meta property=\"og:url\" content=\"https:\/\/ett-global.com\/es\/blockchain\/\" \/>\n<meta property=\"og:site_name\" content=\"E-Transfer Technologies\" \/>\n<meta property=\"article:modified_time\" content=\"2024-01-26T06:42:20+00:00\" \/>\n<meta property=\"og:image\" content=\"https:\/\/ett-global.com\/wp-content\/uploads\/2021\/11\/ETT-Logo.png\" \/>\n\t<meta property=\"og:image:width\" content=\"3862\" \/>\n\t<meta property=\"og:image:height\" content=\"2168\" \/>\n\t<meta property=\"og:image:type\" content=\"image\/png\" \/>\n<meta name=\"twitter:card\" content=\"summary_large_image\" \/>\n<meta name=\"twitter:label1\" content=\"Tiempo de lectura\" \/>\n\t<meta name=\"twitter:data1\" content=\"5 minutos\" \/>\n<script type=\"application\/ld+json\" class=\"yoast-schema-graph\">{\"@context\":\"https:\/\/schema.org\",\"@graph\":[{\"@type\":\"WebPage\",\"@id\":\"https:\/\/ett-global.com\/es\/blockchain\/\",\"url\":\"https:\/\/ett-global.com\/es\/blockchain\/\",\"name\":\"Blockchain | VASP | Crypto Banking | Digital Currency Software - ETT\",\"isPartOf\":{\"@id\":\"https:\/\/ett-global.com\/#website\"},\"datePublished\":\"2023-12-06T10:47:25+00:00\",\"dateModified\":\"2024-01-26T06:42:20+00:00\",\"description\":\"Our DAMS service offers digital currency, Virtual Asset Service Provider (VASP), crypto banking software, and Blockchain Gateway. Learn more about the service here!\",\"breadcrumb\":{\"@id\":\"https:\/\/ett-global.com\/es\/blockchain\/#breadcrumb\"},\"inLanguage\":\"es\",\"potentialAction\":[{\"@type\":\"ReadAction\",\"target\":[\"https:\/\/ett-global.com\/es\/blockchain\/\"]}]},{\"@type\":\"BreadcrumbList\",\"@id\":\"https:\/\/ett-global.com\/es\/blockchain\/#breadcrumb\",\"itemListElement\":[{\"@type\":\"ListItem\",\"position\":1,\"name\":\"Home\",\"item\":\"https:\/\/ett-global.com\/es\/\"},{\"@type\":\"ListItem\",\"position\":2,\"name\":\"Blockchain\"}]},{\"@type\":\"WebSite\",\"@id\":\"https:\/\/ett-global.com\/#website\",\"url\":\"https:\/\/ett-global.com\/\",\"name\":\"E-Transfer Technologies\",\"description\":\"Otro sitio realizado con WordPress\",\"publisher\":{\"@id\":\"https:\/\/ett-global.com\/#organization\"},\"alternateName\":\"ETT Global\",\"potentialAction\":[{\"@type\":\"SearchAction\",\"target\":{\"@type\":\"EntryPoint\",\"urlTemplate\":\"https:\/\/ett-global.com\/?s={search_term_string}\"},\"query-input\":{\"@type\":\"PropertyValueSpecification\",\"valueRequired\":true,\"valueName\":\"search_term_string\"}}],\"inLanguage\":\"es\"},{\"@type\":\"Organization\",\"@id\":\"https:\/\/ett-global.com\/#organization\",\"name\":\"E-Transfer Technologies\",\"alternateName\":\"ETT Global\",\"url\":\"https:\/\/ett-global.com\/\",\"logo\":{\"@type\":\"ImageObject\",\"inLanguage\":\"es\",\"@id\":\"https:\/\/ett-global.com\/#\/schema\/logo\/image\/\",\"url\":\"https:\/\/ett-global.com\/wp-content\/uploads\/2021\/11\/cropped-Icon.png\",\"contentUrl\":\"https:\/\/ett-global.com\/wp-content\/uploads\/2021\/11\/cropped-Icon.png\",\"width\":512,\"height\":512,\"caption\":\"E-Transfer Technologies\"},\"image\":{\"@id\":\"https:\/\/ett-global.com\/#\/schema\/logo\/image\/\"}}]}<\/script>\n<!-- \/ Yoast SEO plugin. -->","yoast_head_json":{"title":"Blockchain | VASP | Crypto Banking | Digital Currency Software - ETT","description":"Our DAMS service offers digital currency, Virtual Asset Service Provider (VASP), crypto banking software, and Blockchain Gateway. Learn more about the service here!","robots":{"index":"index","follow":"follow","max-snippet":"max-snippet:-1","max-image-preview":"max-image-preview:large","max-video-preview":"max-video-preview:-1"},"canonical":"https:\/\/ett-global.com\/es\/blockchain\/","og_locale":"es_ES","og_type":"article","og_title":"Blockchain | VASP | Crypto Banking | Digital Currency Software - ETT","og_description":"Our DAMS service offers digital currency, Virtual Asset Service Provider (VASP), crypto banking software, and Blockchain Gateway. Learn more about the service here!","og_url":"https:\/\/ett-global.com\/es\/blockchain\/","og_site_name":"E-Transfer Technologies","article_modified_time":"2024-01-26T06:42:20+00:00","og_image":[{"width":3862,"height":2168,"url":"https:\/\/ett-global.com\/wp-content\/uploads\/2021\/11\/ETT-Logo.png","type":"image\/png"}],"twitter_card":"summary_large_image","twitter_misc":{"Tiempo de lectura":"5 minutos"},"schema":{"@context":"https:\/\/schema.org","@graph":[{"@type":"WebPage","@id":"https:\/\/ett-global.com\/es\/blockchain\/","url":"https:\/\/ett-global.com\/es\/blockchain\/","name":"Blockchain | VASP | Crypto Banking | Digital Currency Software - ETT","isPartOf":{"@id":"https:\/\/ett-global.com\/#website"},"datePublished":"2023-12-06T10:47:25+00:00","dateModified":"2024-01-26T06:42:20+00:00","description":"Our DAMS service offers digital currency, Virtual Asset Service Provider (VASP), crypto banking software, and Blockchain Gateway. Learn more about the service here!","breadcrumb":{"@id":"https:\/\/ett-global.com\/es\/blockchain\/#breadcrumb"},"inLanguage":"es","potentialAction":[{"@type":"ReadAction","target":["https:\/\/ett-global.com\/es\/blockchain\/"]}]},{"@type":"BreadcrumbList","@id":"https:\/\/ett-global.com\/es\/blockchain\/#breadcrumb","itemListElement":[{"@type":"ListItem","position":1,"name":"Home","item":"https:\/\/ett-global.com\/es\/"},{"@type":"ListItem","position":2,"name":"Blockchain"}]},{"@type":"WebSite","@id":"https:\/\/ett-global.com\/#website","url":"https:\/\/ett-global.com\/","name":"E-Transfer Technologies","description":"Otro sitio realizado con WordPress","publisher":{"@id":"https:\/\/ett-global.com\/#organization"},"alternateName":"ETT Global","potentialAction":[{"@type":"SearchAction","target":{"@type":"EntryPoint","urlTemplate":"https:\/\/ett-global.com\/?s={search_term_string}"},"query-input":{"@type":"PropertyValueSpecification","valueRequired":true,"valueName":"search_term_string"}}],"inLanguage":"es"},{"@type":"Organization","@id":"https:\/\/ett-global.com\/#organization","name":"E-Transfer Technologies","alternateName":"ETT Global","url":"https:\/\/ett-global.com\/","logo":{"@type":"ImageObject","inLanguage":"es","@id":"https:\/\/ett-global.com\/#\/schema\/logo\/image\/","url":"https:\/\/ett-global.com\/wp-content\/uploads\/2021\/11\/cropped-Icon.png","contentUrl":"https:\/\/ett-global.com\/wp-content\/uploads\/2021\/11\/cropped-Icon.png","width":512,"height":512,"caption":"E-Transfer Technologies"},"image":{"@id":"https:\/\/ett-global.com\/#\/schema\/logo\/image\/"}}]}},"_links":{"self":[{"href":"https:\/\/ett-global.com\/wp-json\/wp\/v2\/pages\/123154"}],"collection":[{"href":"https:\/\/ett-global.com\/wp-json\/wp\/v2\/pages"}],"about":[{"href":"https:\/\/ett-global.com\/wp-json\/wp\/v2\/types\/page"}],"author":[{"embeddable":true,"href":"https:\/\/ett-global.com\/wp-json\/wp\/v2\/users\/4"}],"replies":[{"embeddable":true,"href":"https:\/\/ett-global.com\/wp-json\/wp\/v2\/comments?post=123154"}],"version-history":[{"count":2,"href":"https:\/\/ett-global.com\/wp-json\/wp\/v2\/pages\/123154\/revisions"}],"predecessor-version":[{"id":123268,"href":"https:\/\/ett-global.com\/wp-json\/wp\/v2\/pages\/123154\/revisions\/123268"}],"wp:attachment":[{"href":"https:\/\/ett-global.com\/wp-json\/wp\/v2\/media?parent=123154"}],"curies":[{"name":"wp","href":"https:\/\/api.w.org\/{rel}","templated":true}]}}